{"id":2909,"date":"2022-01-20T15:33:07","date_gmt":"2022-01-20T15:33:07","guid":{"rendered":"https:\/\/www.verstraetegraphics.be\/privacidad\/"},"modified":"2026-03-17T14:05:02","modified_gmt":"2026-03-17T14:05:02","slug":"privacidad","status":"publish","type":"page","link":"https:\/\/www.verstraetegraphics.be\/es\/privacidad\/","title":{"rendered":"Privacidad"},"content":{"rendered":"\n<div class=\"et_pb_section_0 et_pb_section et_section_regular et_block_section\"><div class=\"et_pb_row_0 et_pb_row et_block_row et_animated\"><div class=\"et_pb_column_0 et_pb_column et_pb_column_4_4 et-last-child et_block_column et_pb_css_mix_blend_mode_passthrough\"><div class=\"et_pb_text_0 et_pb_text et_pb_bg_layout_light et_pb_module et_block_module et_pb_text_align_left-tablet\"><div class=\"et_pb_text_inner\"><h2>Privacidad<\/h2>\n<\/div><\/div><\/div><\/div><div class=\"et_pb_row_1 et_pb_row et_block_row et_animated\"><div class=\"et_pb_column_1 et_pb_column et_pb_column_1_2 et_block_column et_pb_css_mix_blend_mode_passthrough\"><div class=\"et_pb_text_1 et_pb_text et_pb_bg_layout_light et_pb_module et_block_module et_pb_text_align_justified\"><div class=\"et_pb_text_inner\"><h3>General<\/h3>\n<\/div><\/div><div class=\"et_pb_divider_0 et_pb_divider et_pb_space et_pb_divider_position_top et_pb_module\"><div class=\"et_pb_divider_internal\"><\/div><\/div><div class=\"et_pb_text_2 et_pb_text et_pb_bg_layout_light et_pb_module et_block_module et_pb_text_align_justified\"><div class=\"et_pb_text_inner\"><p>Verstraete Graphics nv tratar\u00e1 sus datos personales con la m\u00e1xima confidencialidad. Para ello, tenemos en cuenta todas las disposiciones legales de la legislaci\u00f3n de privacidad aplicable y el Reglamento General de Protecci\u00f3n de Datos (\"GDPR\") forma parte de ello.<br \/>Esta Declaraci\u00f3n de Privacidad se aplica al tratamiento de sus datos personales en el contexto de diversas aplicaciones puestas a disposici\u00f3n o gestionadas por nosotros o en nuestro nombre.<\/p>\n<p>Le pedimos que revise nuestra Pol\u00edtica de Privacidad a continuaci\u00f3n.<\/p>\n<p>La solicitud de precios o informaci\u00f3n, la visita a nuestro sitio web, las redes sociales y el uso de nuestros productos y servicios suponen autom\u00e1ticamente la aprobaci\u00f3n del tratamiento y la recopilaci\u00f3n de datos personales.<\/p>\n<\/div><\/div><div class=\"et_pb_text_3 et_pb_text et_pb_bg_layout_light et_pb_module et_block_module et_pb_text_align_justified\"><div class=\"et_pb_text_inner\"><h3>\u00bfQui\u00e9n es el responsable del tratamiento de sus datos personales?<\/h3>\n<\/div><\/div><div class=\"et_pb_divider_1 et_pb_divider et_pb_space et_pb_divider_position_top et_pb_module\"><div class=\"et_pb_divider_internal\"><\/div><\/div><div class=\"et_pb_text_4 et_pb_text et_pb_bg_layout_light et_pb_module et_block_module et_pb_text_align_justified\"><div class=\"et_pb_text_inner\"><p>El responsable del tratamiento act\u00faa como:<br \/>\nVerstraete Graphics nv, Leerlooierijstraat 10, 8600 Diksmuide (B\u00e9lgica), con n\u00famero de empresa 0416 219 773.<\/p>\n<\/div><\/div><div class=\"et_pb_text_5 et_pb_text et_pb_bg_layout_light et_pb_module et_block_module et_pb_text_align_justified\"><div class=\"et_pb_text_inner\"><h3>\u00bfC\u00f3mo y sobre qu\u00e9 base legal tratamos sus datos personales?<\/h3>\n<\/div><\/div><div class=\"et_pb_divider_2 et_pb_divider et_pb_space et_pb_divider_position_top et_pb_module\"><div class=\"et_pb_divider_internal\"><\/div><\/div><div class=\"et_pb_text_6 et_pb_text et_pb_bg_layout_light et_pb_module et_block_module et_pb_text_align_justified\"><div class=\"et_pb_text_inner\"><p>A continuaci\u00f3n encontrar\u00e1 un resumen de los datos personales que se procesan, la(s) base(s) jur\u00eddica(s) y la(s) finalidad(es) del procesamiento, si los datos se transfieren y los per\u00edodos de conservaci\u00f3n aplicables:<br \/>Ofrecemos a nuestros consumidores la posibilidad de enviar preguntas a trav\u00e9s del sitio web.<br \/>Se recogen, almacenan y procesan los siguientes datos:<\/p>\n<ul>\n<li>Nombre y apellidos<\/li>\n<li>Empresa<\/li>\n<li>Direcci\u00f3n de correo electr\u00f3nico<\/li>\n<li>N\u00famero de tel\u00e9fono<\/li>\n<li>Texto del mensaje<\/li>\n<\/ul>\n<p>El tratamiento de los datos est\u00e1 destinado exclusivamente a la tramitaci\u00f3n de su solicitud. Conservaremos sus datos durante el tiempo que sea necesario para tramitar su solicitud y los eliminaremos tras su tramitaci\u00f3n dentro del plazo legal impuesto.<\/p>\n<\/div><\/div><\/div><div class=\"et_pb_column_2 et_pb_column et_pb_column_1_2 et-last-child et_block_column et_pb_css_mix_blend_mode_passthrough\"><div class=\"et_pb_text_7 et_pb_text et_pb_bg_layout_light et_pb_module et_block_module et_pb_text_align_justified\"><div class=\"et_pb_text_inner\"><h4>Actividades comerciales<\/h4>\n<p>En relaci\u00f3n con la gesti\u00f3n de nuestros clientes y proveedores, es posible que recibamos o recojamos datos personales.<br \/>El tratamiento de los datos est\u00e1 destinado exclusivamente al desarrollo de las relaciones comerciales y, por tanto, est\u00e1 justificado. Se respetan los derechos de privacidad. Sus datos se conservar\u00e1n durante 10 a\u00f1os tras el fin de nuestra relaci\u00f3n comercial.<\/p>\n<\/div><\/div><div class=\"et_pb_text_8 et_pb_text et_pb_bg_layout_light et_pb_module et_block_module et_pb_text_align_justified\"><div class=\"et_pb_text_inner\"><h3>Protecci\u00f3n de sus datos personales<\/h3>\n<\/div><\/div><div class=\"et_pb_divider_3 et_pb_divider et_pb_space et_pb_divider_position_top et_pb_module\"><div class=\"et_pb_divider_internal\"><\/div><\/div><div class=\"et_pb_text_9 et_pb_text et_pb_bg_layout_light et_pb_module et_block_module et_pb_text_align_justified\"><div class=\"et_pb_text_inner\"><p>Sus datos personales estar\u00e1n protegidos contra el acceso ilegal o no autorizado. Nuestra infraestructura inform\u00e1tica est\u00e1 equipada para ello de acuerdo con las normas actuales del mercado.<br \/>\nLos datos personales no se ceden ni se venden a terceros.<br \/>\nLos proveedores de servicios de almacenamiento y transporte de datos no est\u00e1n autorizados a utilizar sus datos y tienen sus propias pol\u00edticas de privacidad.<\/p>\n<\/div><\/div><div class=\"et_pb_text_10 et_pb_text et_pb_bg_layout_light et_pb_module et_block_module et_pb_text_align_justified\"><div class=\"et_pb_text_inner\"><h3>Cookies<\/h3>\n<\/div><\/div><div class=\"et_pb_divider_4 et_pb_divider et_pb_space et_pb_divider_position_top et_pb_module\"><div class=\"et_pb_divider_internal\"><\/div><\/div><div class=\"et_pb_text_11 et_pb_text et_pb_bg_layout_light et_pb_module et_block_module et_pb_text_align_justified\"><div class=\"et_pb_text_inner\"><p>S\u00f3lo recogemos cookies para mejorar el funcionamiento de nuestro sitio web. La informaci\u00f3n t\u00e9cnica obtenida no se utiliza como datos personales individuales, sino \u00fanicamente para el an\u00e1lisis de nuestro sitio web.<\/p>\n<\/div><\/div><div class=\"et_pb_text_12 et_pb_text et_pb_bg_layout_light et_pb_module et_block_module et_pb_text_align_justified\"><div class=\"et_pb_text_inner\"><h3>Contacte con<\/h3>\n<\/div><\/div><div class=\"et_pb_divider_5 et_pb_divider et_pb_space et_pb_divider_position_top et_pb_module\"><div class=\"et_pb_divider_internal\"><\/div><\/div><div class=\"et_pb_text_13 et_pb_text et_pb_bg_layout_light et_pb_module et_block_module et_pb_text_align_justified\"><div class=\"et_pb_text_inner\"><p>Si tiene preguntas sobre nuestra pol\u00edtica de privacidad, siempre puede ponerse en contacto con nosotros a trav\u00e9s de info@verstraetegraphics.be.<\/p>\n<\/div><\/div><div class=\"et_pb_text_14 et_pb_text et_pb_bg_layout_light et_pb_module et_block_module et_pb_text_align_justified\"><div class=\"et_pb_text_inner\"><h3>Cambios en esta declaraci\u00f3n de privacidad<\/h3>\n<\/div><\/div><div class=\"et_pb_divider_6 et_pb_divider et_pb_space et_pb_divider_position_top et_pb_module\"><div class=\"et_pb_divider_internal\"><\/div><\/div><div class=\"et_pb_text_15 et_pb_text et_pb_bg_layout_light et_pb_module et_block_module et_pb_text_align_justified\"><div class=\"et_pb_text_inner\"><p>Nuestra declaraci\u00f3n de privacidad se actualiza peri\u00f3dicamente<\/p>\n<\/div><\/div><\/div><\/div><\/div>\n","protected":false},"excerpt":{"rendered":"","protected":false},"author":1,"featured_media":0,"parent":0,"menu_order":0,"comment_status":"closed","ping_status":"closed","template":"","meta":{"footnotes":""},"dipi_cpt_category":[],"class_list":["post-2909","page","type-page","status-publish","hentry"],"_links":{"self":[{"href":"https:\/\/www.verstraetegraphics.be\/es\/wp-json\/wp\/v2\/pages\/2909","targetHints":{"allow":["GET"]}}],"collection":[{"href":"https:\/\/www.verstraetegraphics.be\/es\/wp-json\/wp\/v2\/pages"}],"about":[{"href":"https:\/\/www.verstraetegraphics.be\/es\/wp-json\/wp\/v2\/types\/page"}],"author":[{"embeddable":true,"href":"https:\/\/www.verstraetegraphics.be\/es\/wp-json\/wp\/v2\/users\/1"}],"replies":[{"embeddable":true,"href":"https:\/\/www.verstraetegraphics.be\/es\/wp-json\/wp\/v2\/comments?post=2909"}],"version-history":[{"count":10,"href":"https:\/\/www.verstraetegraphics.be\/es\/wp-json\/wp\/v2\/pages\/2909\/revisions"}],"predecessor-version":[{"id":3991,"href":"https:\/\/www.verstraetegraphics.be\/es\/wp-json\/wp\/v2\/pages\/2909\/revisions\/3991"}],"wp:attachment":[{"href":"https:\/\/www.verstraetegraphics.be\/es\/wp-json\/wp\/v2\/media?parent=2909"}],"wp:term":[{"taxonomy":"dipi_cpt_category","embeddable":true,"href":"https:\/\/www.verstraetegraphics.be\/es\/wp-json\/wp\/v2\/dipi_cpt_category?post=2909"}],"curies":[{"name":"wp","href":"https:\/\/api.w.org\/{rel}","templated":true}]}}