{"id":2919,"date":"2022-01-20T15:37:09","date_gmt":"2022-01-20T15:37:09","guid":{"rendered":"https:\/\/www.verstraetegraphics.be\/envases-para-la-industria-de-la-alimentacion\/"},"modified":"2026-03-19T18:28:27","modified_gmt":"2026-03-19T18:28:27","slug":"envases-para-la-industria-de-la-alimentacion","status":"publish","type":"page","link":"https:\/\/www.verstraetegraphics.be\/es\/envases-para-la-industria-de-la-alimentacion\/","title":{"rendered":"Envases para la industria de la alimentaci\u00f3n"},"content":{"rendered":"<div class=\"et_pb_section_0 et_pb_section et_section_regular et_flex_section\">\n<div class=\"et_pb_row_0 et_pb_row et_flex_row\">\n<div class=\"et_pb_column_0 et_pb_column et-last-child et_flex_column et_pb_css_mix_blend_mode_passthrough et_flex_column_24_24 et_flex_column_24_24_tablet et_flex_column_24_24_phone\">\n<div class=\"et_pb_image_0 et_pb_image et_pb_image_sticky et_pb_module et_flex_module\"><a href=\"https:\/\/www.verstraetegraphics.be\/es\/\"><span class=\"et_pb_image_wrap\"><img loading=\"lazy\" decoding=\"async\" src=\"https:\/\/www.verstraetegraphics.be\/wp-content\/uploads\/verstraete-graphics-logo-1000px.png\" alt=\"Verstraete Graphics logo\" title=\"verstraete-graphics-logo-1000px\" width=\"1000\" height=\"389\" class=\"wp-image-1451\" \/><\/span><\/a><\/div>\n<\/div>\n<\/div>\n<\/div>\n\n<div class=\"et_pb_section_1 et_pb_section et_section_regular et_block_section\">\n<div class=\"et_pb_row_1 et_pb_row et_block_row et_animated\">\n<div class=\"et_pb_column_1 et_pb_column et_pb_column_4_4 et-last-child et_block_column et_pb_css_mix_blend_mode_passthrough\">\n<div class=\"et_pb_text_0 et_pb_text et_pb_bg_layout_light et_pb_module et_block_module et_pb_text_align_left-tablet\"><div class=\"et_pb_text_inner\"><h1>Envases para la industria de la alimentaci\u00f3n<\/h1>\n<\/div><\/div>\n<\/div>\n<\/div>\n\n<div class=\"et_pb_row_2 et_pb_row et_block_row et_animated\">\n<div class=\"et_pb_column_2 et_pb_column et_pb_column_1_2 et_block_column et_pb_css_mix_blend_mode_passthrough\">\n<div class=\"et_pb_text_1 et_pb_text et_pb_bg_layout_light et_pb_module et_block_module et_pb_text_align_justified\"><div class=\"et_pb_text_inner\"><h3>Mangas y envolturas de cart\u00f3n impreso y plegado seguras para los alimentos<\/h3>\n<\/div><\/div>\n\n<div class=\"et_pb_divider_0 et_pb_divider et_pb_space et_pb_divider_position_top et_pb_module\"><div class=\"et_pb_divider_internal\"><\/div><\/div>\n\n<div class=\"et_pb_text_2 et_pb_text et_pb_bg_layout_light et_pb_module et_block_module et_pb_text_align_justified\"><div class=\"et_pb_text_inner\"><p>Mangas y envolturas de cart\u00f3n impreso y plegado seguras para los alimentos para insertar en los envases existentes de sus productos. Incrementan el atractivo de sus productos o darles un aspecto m\u00e1s festivo. Tambi\u00e9n permiten a\u00f1adir m\u00e1s informaci\u00f3n o mensajes publicitarios a los productos preenvasados.<\/p>\n<\/div><\/div>\n\n<div class=\"dipi_button_grid_0 dipi_button_grid et_animated et_pb_module\"><div class=\"dipi-button-grid-container\">\n        \n<div class=\"dipi_button_grid_child_0 dipi_button_grid_child dipi-pt-item--Text et_pb_module full-width-btn\"><a class=\"et_pb_button dipi-button-grid dipi-button-wrap\" href=\"https:\/\/www.verstraetegraphics.be\/familiaal-drukkers-en-afwerkingsbedrijf-met-jarenlange-ervaring-in-voedingssector\/\">descubra nuestra empresa<\/a><\/div>\n\n<div class=\"dipi_button_grid_child_1 dipi_button_grid_child dipi-pt-item--Text et_pb_module full-width-btn\"><a class=\"et_pb_button dipi-button-grid dipi-button-wrap\" href=\"https:\/\/www.verstraetegraphics.be\/contacteer-verstraete-graphics\/\">cont\u00e1ctenos<\/a><\/div>\n\n      <\/div><\/div>\n<\/div>\n\n<div class=\"et_pb_column_3 et_pb_column et_pb_column_1_2 et-last-child et_block_column et_pb_css_mix_blend_mode_passthrough\">\n<div class=\"et_pb_image_1 et_pb_image et_pb_module et_flex_module\"><span class=\"et_pb_image_wrap\"><img loading=\"lazy\" decoding=\"async\" src=\"https:\/\/www.verstraetegraphics.be\/wp-content\/uploads\/Verstraete-graphics-productie-15.jpg\" title=\"Verstraete-graphics-productie-15\" width=\"2000\" height=\"1333\" class=\"wp-image-2522\" \/><\/span><\/div>\n<\/div>\n<\/div>\n<\/div>\n\n<div class=\"et_pb_section_2 et_pb_section et_section_regular et_block_section\">\n<div class=\"et_pb_row_3 et_pb_row et_pb_equal_columns et_pb_gutters1 et_block_row\">\n<div class=\"et_pb_column_4 et_pb_column et_pb_column_1_3 et_block_column et_pb_css_mix_blend_mode_passthrough\">\n<div class=\"et_pb_blurb_0 et_pb_blurb et_pb_bg_layout_dark et_pb_text_align_center et_pb_blurb_position_top et_animated et_clickable et_pb_module et_block_module ontdek\"><div class=\"et_pb_blurb_content\"><div class=\"et_pb_blurb_container\"><h2 class=\"et_pb_module_header\">tapas de helado<\/h2><\/div><\/div><\/div>\n<\/div>\n\n<div class=\"et_pb_column_5 et_pb_column et_pb_column_1_3 et_block_column et_pb_css_mix_blend_mode_passthrough\">\n<div class=\"et_pb_blurb_1 et_pb_blurb et_pb_bg_layout_dark et_pb_text_align_center et_pb_blurb_position_top et_animated et_clickable et_pb_module et_block_module ontdek\"><div class=\"et_pb_blurb_content\"><div class=\"et_pb_blurb_container\"><h2 class=\"et_pb_module_header\">tapas de helado con solapa<\/h2><\/div><\/div><\/div>\n<\/div>\n\n<div class=\"et_pb_column_6 et_pb_column et_pb_column_1_3 et-last-child et_block_column et_pb_css_mix_blend_mode_passthrough\">\n<div class=\"et_pb_blurb_2 et_pb_blurb et_pb_bg_layout_dark et_pb_text_align_center et_pb_blurb_position_top et_animated et_clickable et_pb_module et_block_module ontdek\"><div class=\"et_pb_blurb_content\"><div class=\"et_pb_blurb_container\"><h2 class=\"et_pb_module_header\">tapas de helado sin pl\u00e1stico<\/h2><\/div><\/div><\/div>\n<\/div>\n<\/div>\n\n<div class=\"et_pb_row_4 et_pb_row et_pb_equal_columns et_pb_gutters1 et_block_row\">\n<div class=\"et_pb_column_7 et_pb_column et_pb_column_1_3 et_block_column et_pb_css_mix_blend_mode_passthrough\">\n<div class=\"et_pb_blurb_3 et_pb_blurb et_pb_bg_layout_dark et_pb_text_align_center et_pb_blurb_position_top et_animated et_clickable et_pb_module et_block_module ontdek\"><div class=\"et_pb_blurb_content\"><div class=\"et_pb_blurb_container\"><h2 class=\"et_pb_module_header\">cajas de pasteles<\/h2><\/div><\/div><\/div>\n<\/div>\n\n<div class=\"et_pb_column_8 et_pb_column et_pb_column_1_3 et_block_column et_pb_css_mix_blend_mode_passthrough\">\n<div class=\"et_pb_blurb_4 et_pb_blurb et_pb_bg_layout_dark et_pb_text_align_center et_pb_blurb_position_top et_animated et_clickable et_pb_module et_block_module ontdek\"><div class=\"et_pb_blurb_content\"><div class=\"et_pb_blurb_container\"><h2 class=\"et_pb_module_header\">envases para la industria de la alimentaci\u00f3n<\/h2><\/div><\/div><\/div>\n<\/div>\n\n<div class=\"et_pb_column_9 et_pb_column et_pb_column_1_3 et-last-child et_block_column et_pb_css_mix_blend_mode_passthrough\">\n<div class=\"et_pb_blurb_5 et_pb_blurb et_pb_bg_layout_dark et_pb_text_align_center et_pb_blurb_position_top et_animated et_clickable et_pb_module et_block_module ontdek\"><div class=\"et_pb_blurb_content\"><div class=\"et_pb_blurb_container\"><h2 class=\"et_pb_module_header\">impresi\u00f3n comercial<\/h2><\/div><\/div><\/div>\n<\/div>\n<\/div>\n<\/div>","protected":false},"excerpt":{"rendered":"","protected":false},"author":1,"featured_media":0,"parent":0,"menu_order":0,"comment_status":"closed","ping_status":"closed","template":"","meta":{"footnotes":""},"dipi_cpt_category":[],"class_list":["post-2919","page","type-page","status-publish","hentry"],"_links":{"self":[{"href":"https:\/\/www.verstraetegraphics.be\/es\/wp-json\/wp\/v2\/pages\/2919","targetHints":{"allow":["GET"]}}],"collection":[{"href":"https:\/\/www.verstraetegraphics.be\/es\/wp-json\/wp\/v2\/pages"}],"about":[{"href":"https:\/\/www.verstraetegraphics.be\/es\/wp-json\/wp\/v2\/types\/page"}],"author":[{"embeddable":true,"href":"https:\/\/www.verstraetegraphics.be\/es\/wp-json\/wp\/v2\/users\/1"}],"replies":[{"embeddable":true,"href":"https:\/\/www.verstraetegraphics.be\/es\/wp-json\/wp\/v2\/comments?post=2919"}],"version-history":[{"count":15,"href":"https:\/\/www.verstraetegraphics.be\/es\/wp-json\/wp\/v2\/pages\/2919\/revisions"}],"predecessor-version":[{"id":4777,"href":"https:\/\/www.verstraetegraphics.be\/es\/wp-json\/wp\/v2\/pages\/2919\/revisions\/4777"}],"wp:attachment":[{"href":"https:\/\/www.verstraetegraphics.be\/es\/wp-json\/wp\/v2\/media?parent=2919"}],"wp:term":[{"taxonomy":"dipi_cpt_category","embeddable":true,"href":"https:\/\/www.verstraetegraphics.be\/es\/wp-json\/wp\/v2\/dipi_cpt_category?post=2919"}],"curies":[{"name":"wp","href":"https:\/\/api.w.org\/{rel}","templated":true}]}}