{"id":2968,"date":"2022-01-21T14:07:16","date_gmt":"2022-01-21T14:07:16","guid":{"rendered":"https:\/\/www.verstraetegraphics.be\/tapas-de-helado-de-carton-sin-plastico\/"},"modified":"2026-03-19T18:26:43","modified_gmt":"2026-03-19T18:26:43","slug":"tapas-de-helado-de-carton-sin-plastico","status":"publish","type":"page","link":"https:\/\/www.verstraetegraphics.be\/es\/tapas-de-helado-de-carton-sin-plastico\/","title":{"rendered":"Tapas de helado de cart\u00f3n sin pl\u00e1stico"},"content":{"rendered":"<div class=\"et_pb_section_0 et_pb_section et_section_regular et_flex_section\">\n<div class=\"et_pb_row_0 et_pb_row et_flex_row\">\n<div class=\"et_pb_column_0 et_pb_column et-last-child et_flex_column et_pb_css_mix_blend_mode_passthrough et_flex_column_24_24 et_flex_column_24_24_tablet et_flex_column_24_24_phone\">\n<div class=\"et_pb_image_0 et_pb_image et_pb_image_sticky et_pb_module et_flex_module\"><a href=\"https:\/\/www.verstraetegraphics.be\/es\/\"><span class=\"et_pb_image_wrap\"><img loading=\"lazy\" decoding=\"async\" src=\"https:\/\/www.verstraetegraphics.be\/wp-content\/uploads\/verstraete-graphics-logo-1000px.png\" alt=\"Verstraete Graphics logo\" title=\"verstraete-graphics-logo-1000px\" width=\"1000\" height=\"389\" class=\"wp-image-1451\" \/><\/span><\/a><\/div>\n<\/div>\n<\/div>\n<\/div>\n\n<div class=\"et_pb_section_1 et_pb_section et_section_regular et_block_section section_has_divider et_pb_top_divider\"><div class=\"et_pb_top_inside_divider et-no-transition\"><\/div>\n<div class=\"et_pb_row_1 et_pb_row et_block_row\">\n<div class=\"et_pb_column_1 et_pb_column et_pb_column_4_4 et-last-child et_block_column et_pb_css_mix_blend_mode_passthrough\">\n<div class=\"et_pb_image_1 et_pb_image et_pb_image_sticky et_pb_module et_block_module\"><span class=\"et_pb_image_wrap\"><img loading=\"lazy\" decoding=\"async\" src=\"https:\/\/www.verstraetegraphics.be\/wp-content\/uploads\/verstraete-graphics-specialist-in-bedrukte-kartonnen-ijsdeksels-voor-hoorntjes-ijsbekers-v1.jpg\" width=\"2400\" height=\"1280\" class=\"wp-image-1544\" title=\"verstraete-graphics-specialist-in-bedrukte-kartonnen-ijsdeksels-voor-hoorntjes-ijsbekers-v1\" alt=\"Verstraete Graphics es especialista en tapas de cart\u00f3n impresas y no impresas para para cucuruchos y vasitos\" \/><\/span><\/div>\n\n<div class=\"et_pb_text_0 et_pb_text et_pb_bg_layout_light et_animated et_pb_module et_block_module\"><div class=\"et_pb_text_inner\"><h1>Tapas de helado de cart\u00f3n<br \/>sin pl\u00e1stico<\/h1>\n<\/div><\/div>\n<\/div>\n<\/div>\n<\/div>\n\n<div class=\"et_pb_section_2 et_pb_section et_section_regular et_block_section\">\n<div class=\"et_pb_row_2 et_pb_row et_block_row et_animated\">\n<div class=\"et_pb_column_2 et_pb_column et_pb_column_4_4 et-last-child et_block_column et_pb_css_mix_blend_mode_passthrough\">\n<div class=\"et_pb_text_1 et_pb_text et_pb_bg_layout_light et_pb_module et_block_module et_pb_text_align_center et_pb_text_align_left-tablet\"><div class=\"et_pb_text_inner\"><h2><span style=\"color: #f07400;font-size: 24px\">Tapas de helado de cart\u00f3n sin pl\u00e1stico<\/span><br \/>Una verdadera innovaci\u00f3n en el campo del medio ambiente, la seguridad de los alimentos y la circularidad<\/h2>\n<\/div><\/div>\n<\/div>\n<\/div>\n\n<div class=\"et_pb_row_3 et_pb_row et_block_row et_animated\">\n<div class=\"et_pb_column_3 et_pb_column et_pb_column_1_2 et_block_column et_pb_css_mix_blend_mode_passthrough\">\n<div class=\"et_pb_text_2 et_pb_text et_pb_bg_layout_light et_pb_module et_block_module et_pb_text_align_justified\"><div class=\"et_pb_text_inner\"><h3>Tapas de helado sin pl\u00e1stico<\/h3>\n<\/div><\/div>\n\n<div class=\"et_pb_divider_0 et_pb_divider et_pb_space et_pb_divider_position_top et_pb_module\"><div class=\"et_pb_divider_internal\"><\/div><\/div>\n\n<div class=\"et_pb_text_3 et_pb_text et_pb_bg_layout_light et_pb_module et_block_module et_pb_text_align_justified\"><div class=\"et_pb_text_inner\"><p>La demanda de envases sin pl\u00e1stico cada vez es mayor en la industria de la alimentaci\u00f3n. Aunque todav\u00eda no existe una legislaci\u00f3n obligatoria, en Verstraete Graphics hemos decidido participar ya en esto. Nuestras tapas de cart\u00f3n sin pl\u00e1stico son una verdadera innovaci\u00f3n en el campo del medio ambiente, la seguridad de los alimentos y la circularidad.<\/p>\n<\/div><\/div>\n\n<div class=\"et_pb_text_4 et_pb_text et_pb_bg_layout_light et_pb_module et_block_module et_pb_text_align_justified\"><div class=\"et_pb_text_inner\"><h3>Tapas de helado sin capa de PE<\/h3>\n<\/div><\/div>\n\n<div class=\"et_pb_divider_1 et_pb_divider et_pb_space et_pb_divider_position_top et_pb_module\"><div class=\"et_pb_divider_internal\"><\/div><\/div>\n\n<div class=\"et_pb_text_5 et_pb_text et_pb_bg_layout_light et_pb_module et_block_module et_pb_text_align_justified\"><div class=\"et_pb_text_inner\"><p>Estas tapas de helado se fabrican sin capa de PE, pero con una barrera integrada en la propia pulpa del cart\u00f3n. La ocasi\u00f3n so\u00f1ada para plasmar su propia imagen de empresa m\u00e1s comprometida con las personas y con el medio ambiente.<\/p>\n<\/div><\/div>\n\n<div class=\"et_pb_text_6 et_pb_text et_pb_bg_layout_light et_pb_module et_block_module et_pb_text_align_justified\"><div class=\"et_pb_text_inner\"><h3>Tapas respetuosas con el medio ambiente en todas las variantes posibles<\/h3>\n<\/div><\/div>\n\n<div class=\"et_pb_divider_2 et_pb_divider et_pb_space et_pb_divider_position_top et_pb_module\"><div class=\"et_pb_divider_internal\"><\/div><\/div>\n\n<div class=\"et_pb_text_7 et_pb_text et_pb_bg_layout_light et_pb_module et_block_module et_pb_text_align_justified\"><div class=\"et_pb_text_inner\"><p>Estas tapas respetuosas con el medio ambiente est\u00e1n disponibles en di\u00e1metros entre 38 y 100 mm, y en diferentes grosores.<br \/>\nTambi\u00e9n podemos hacer medidas diferentes, pero cada solicitud para di\u00e1metros diferentes se eval\u00faa individualmente para verificar su factibilidad. El acabado es id\u00e9ntico para todas las tapas.<\/p>\n<\/div><\/div>\n<\/div>\n\n<div class=\"et_pb_column_4 et_pb_column et_pb_column_1_2 et-last-child et_block_column et_pb_css_mix_blend_mode_passthrough\">\n<div class=\"et_pb_text_8 et_pb_text et_pb_bg_layout_light et_pb_module et_block_module et_pb_text_align_justified\"><div class=\"et_pb_text_inner\"><h3>Hechas con el mejor cart\u00f3n<\/h3>\n<\/div><\/div>\n\n<div class=\"et_pb_divider_3 et_pb_divider et_pb_space et_pb_divider_position_top et_pb_module\"><div class=\"et_pb_divider_internal\"><\/div><\/div>\n\n<div class=\"et_pb_text_9 et_pb_text et_pb_bg_layout_light et_pb_module et_block_module et_pb_text_align_justified\"><div class=\"et_pb_text_inner\"><p>El cart\u00f3n que utilizamos para estas tapas sin pl\u00e1stico es el m\u00e1s puro, hecho de fibras perfectas y sin utilizar residuo reciclado en la pulpa.<\/p>\n<\/div><\/div>\n\n<div class=\"et_pb_text_10 et_pb_text et_pb_bg_layout_light et_pb_module et_block_module et_pb_text_align_justified\"><div class=\"et_pb_text_inner\"><h3>Calidad superior<\/h3>\n<\/div><\/div>\n\n<div class=\"et_pb_divider_4 et_pb_divider et_pb_space et_pb_divider_position_top et_pb_module\"><div class=\"et_pb_divider_internal\"><\/div><\/div>\n\n<div class=\"et_pb_text_11 et_pb_text et_pb_bg_layout_light et_pb_module et_block_module et_pb_text_align_justified\"><div class=\"et_pb_text_inner\"><p>Nuestros dedicados operadores de prensado previo trabajan en estrecha colaboraci\u00f3n con sus dise\u00f1adores para conseguir un resultado exclusivo y fiel a la naturaleza. Si lo desea, tambi\u00e9n podemos optimizar t\u00e9cnicamente su dise\u00f1o.<\/p>\n<\/div><\/div>\n<\/div>\n<\/div>\n\n<div class=\"et_pb_row_4 et_pb_row et_block_row\">\n<div class=\"et_pb_column_5 et_pb_column et_pb_column_4_4 et-last-child et_block_column et_pb_css_mix_blend_mode_passthrough\">\n<div class=\"dipi_button_grid_0 dipi_button_grid et_animated et_pb_module\"><div class=\"dipi-button-grid-container\">\n        \n<div class=\"dipi_button_grid_child_0 dipi_button_grid_child dipi-pt-item--Text et_pb_module full-width-btn\"><a class=\"et_pb_button dipi-button-grid dipi-button-wrap\" href=\"https:\/\/www.verstraetegraphics.be\/familiaal-drukkers-en-afwerkingsbedrijf-met-jarenlange-ervaring-in-voedingssector\/\">descubra nuestra empresa<\/a><\/div>\n\n<div class=\"dipi_button_grid_child_1 dipi_button_grid_child dipi-pt-item--Text et_pb_module full-width-btn\"><a class=\"et_pb_button dipi-button-grid dipi-button-wrap\" href=\"https:\/\/www.verstraetegraphics.be\/contacteer-verstraete-graphics\/\">cont\u00e1ctenos<\/a><\/div>\n\n      <\/div><\/div>\n<\/div>\n<\/div>\n<\/div>\n\n<div class=\"et_pb_section_3 et_pb_section et_section_regular et_block_section section_has_divider et_pb_bottom_divider\">\n<div class=\"et_pb_row_5 et_pb_row et_block_row\">\n<div class=\"et_pb_column_6 et_pb_column et_pb_column_3_5 et_block_column et_pb_css_mix_blend_mode_passthrough\">\n<div class=\"et_pb_text_12 et_pb_text et_pb_bg_layout_light et_pb_module et_block_module\"><div class=\"et_pb_text_inner\"><h2>tapas de helado<br \/>modernas<\/h2>\n<\/div><\/div>\n<\/div>\n\n<div class=\"et_pb_column_7 et_pb_column et_pb_column_2_5 et-last-child et_block_column et_pb_css_mix_blend_mode_passthrough\">\n<div class=\"et_pb_text_13 et_pb_text et_pb_bg_layout_light et_pb_module et_block_module et_pb_text_align_justified\"><div class=\"et_pb_text_inner\"><h3>tapas de helado para todos los gustos<\/h3>\n<p>Con nuestras modernas prensas de impresi\u00f3n podemos adaptarnos a los gustos y tendencias creativas de todos. As\u00ed, le fabricamos las tapas de helado de cart\u00f3n que combinan perfectamente con su marca y estilo propio de su producto y su empresa. Con los acentos, colores e im\u00e1genes adecuados, que har\u00e1n sus helados irresistibles para los consumidores.<\/p>\n<\/div><\/div>\n<\/div>\n<\/div>\n\n<div class=\"et_pb_row_6 et_pb_row et_block_row\">\n<div class=\"et_pb_column_8 et_pb_column et_pb_column_4_4 et-last-child et_block_column et_pb_css_mix_blend_mode_passthrough\">\n<div class=\"dipi_floating_multi_images_0 dipi_floating_multi_images et_pb_bg_layout_light et_pb_module\"><div class=\"dipi-floating-multi-images\"> \n<div class=\"dipi_floating_multi_images_child_0 dipi_floating_multi_images_child et_pb_bg_layout_light et_pb_module\">\n                <div class=\"dipi-fi-img\"><img decoding=\"async\" src=\"https:\/\/www.verstraetegraphics.be\/wp-content\/uploads\/kung-fu-panda-ijsdeksel.png\" alt=\"\"\/><\/img><\/div>\n            <\/div>\n\n<div class=\"dipi_floating_multi_images_child_1 dipi_floating_multi_images_child et_pb_bg_layout_light et_pb_module\">\n                <div class=\"dipi-fi-img\"><img decoding=\"async\" src=\"https:\/\/www.verstraetegraphics.be\/wp-content\/uploads\/mio-crocante-ijsdeksel.png\" alt=\"\"\/><\/img><\/div>\n            <\/div>\n\n<div class=\"dipi_floating_multi_images_child_2 dipi_floating_multi_images_child et_pb_bg_layout_light et_pb_module\">\n                <div class=\"dipi-fi-img\"><img decoding=\"async\" src=\"https:\/\/www.verstraetegraphics.be\/wp-content\/uploads\/milka-ijsdeksel.png\" alt=\"\"\/><\/img><\/div>\n            <\/div>\n\n<div class=\"dipi_floating_multi_images_child_3 dipi_floating_multi_images_child et_pb_bg_layout_light et_pb_module\">\n                <div class=\"dipi-fi-img\"><img decoding=\"async\" src=\"https:\/\/www.verstraetegraphics.be\/wp-content\/uploads\/1-de-beste-carnets-ijsdeksel.png\" alt=\"\"\/><\/img><\/div>\n            <\/div>\n\n<div class=\"dipi_floating_multi_images_child_4 dipi_floating_multi_images_child et_pb_bg_layout_light et_pb_module\">\n                <div class=\"dipi-fi-img\"><img decoding=\"async\" src=\"https:\/\/www.verstraetegraphics.be\/wp-content\/uploads\/K3-ijsdeksel.png\" alt=\"\"\/><\/img><\/div>\n            <\/div>\n\n<div class=\"dipi_floating_multi_images_child_5 dipi_floating_multi_images_child et_pb_bg_layout_light et_pb_module\">\n                <div class=\"dipi-fi-img\"><img decoding=\"async\" src=\"https:\/\/www.verstraetegraphics.be\/wp-content\/uploads\/smurf-ijsdeksel.png\" alt=\"\"\/><\/img><\/div>\n            <\/div>\n\n<div class=\"dipi_floating_multi_images_child_6 dipi_floating_multi_images_child et_pb_bg_layout_light et_pb_module\">\n                <div class=\"dipi-fi-img\"><img decoding=\"async\" src=\"https:\/\/www.verstraetegraphics.be\/wp-content\/uploads\/zebra-ijsdeksel.png\" alt=\"\"\/><\/img><\/div>\n            <\/div>\n\n<div class=\"dipi_floating_multi_images_child_7 dipi_floating_multi_images_child et_pb_bg_layout_light et_pb_module\">\n                <div class=\"dipi-fi-img\"><img decoding=\"async\" src=\"https:\/\/www.verstraetegraphics.be\/wp-content\/uploads\/spar-natur-pur-ijsdeksel.png\" alt=\"\"\/><\/img><\/div>\n            <\/div>\n\n<div class=\"dipi_floating_multi_images_child_8 dipi_floating_multi_images_child et_pb_bg_layout_light et_pb_module\">\n                <div class=\"dipi-fi-img\"><img decoding=\"async\" src=\"https:\/\/www.verstraetegraphics.be\/wp-content\/uploads\/miucci.png\" alt=\"\"\/><\/img><\/div>\n            <\/div>\n\n<div class=\"dipi_floating_multi_images_child_9 dipi_floating_multi_images_child et_pb_bg_layout_light et_pb_module\">\n                <div class=\"dipi-fi-img\"><img decoding=\"async\" src=\"https:\/\/www.verstraetegraphics.be\/wp-content\/uploads\/nestle-extreme-ijsdeksel.png\" alt=\"\"\/><\/img><\/div>\n            <\/div>\n\n<div class=\"dipi_floating_multi_images_child_10 dipi_floating_multi_images_child et_pb_bg_layout_light et_pb_module\">\n                <div class=\"dipi-fi-img\"><img decoding=\"async\" src=\"https:\/\/www.verstraetegraphics.be\/wp-content\/uploads\/gelatelli-ijsdeksel.png\" alt=\"\"\/><\/img><\/div>\n            <\/div>\n\n<div class=\"dipi_floating_multi_images_child_11 dipi_floating_multi_images_child et_pb_bg_layout_light et_pb_module\">\n                <div class=\"dipi-fi-img\"><img decoding=\"async\" src=\"https:\/\/www.verstraetegraphics.be\/wp-content\/uploads\/ah-chantilly-ijsdeksel.png\" alt=\"\"\/><\/img><\/div>\n            <\/div>\n\n<div class=\"dipi_floating_multi_images_child_12 dipi_floating_multi_images_child et_pb_bg_layout_light et_pb_module\">\n                <div class=\"dipi-fi-img\"><img decoding=\"async\" src=\"https:\/\/www.verstraetegraphics.be\/wp-content\/uploads\/jumbo-cornet-ijsdeksel.png\" alt=\"\"\/><\/img><\/div>\n            <\/div>\n\n<div class=\"dipi_floating_multi_images_child_13 dipi_floating_multi_images_child et_pb_bg_layout_light et_pb_module\">\n                <div class=\"dipi-fi-img\"><img decoding=\"async\" src=\"https:\/\/www.verstraetegraphics.be\/wp-content\/uploads\/mekabe-vanille-ijsdeksel.png\" alt=\"\"\/><\/img><\/div>\n            <\/div>\n <\/div><\/div>\n<\/div>\n<\/div>\n<div class=\"et_pb_bottom_inside_divider et-no-transition\"><\/div><\/div>\n\n<div class=\"et_pb_section_4 et_pb_section et_section_regular et_block_section\">\n<div class=\"et_pb_row_7 et_pb_row et_pb_equal_columns et_pb_gutters1 et_block_row\">\n<div class=\"et_pb_column_9 et_pb_column et_pb_column_1_3 et_block_column et_pb_css_mix_blend_mode_passthrough\">\n<div class=\"et_pb_blurb_0 et_pb_blurb et_pb_bg_layout_dark et_pb_text_align_center et_pb_blurb_position_top et_animated et_clickable et_pb_module et_block_module ontdek\"><div class=\"et_pb_blurb_content\"><div class=\"et_pb_blurb_container\"><h2 class=\"et_pb_module_header\">tapas de helado<\/h2><\/div><\/div><\/div>\n<\/div>\n\n<div class=\"et_pb_column_10 et_pb_column et_pb_column_1_3 et_block_column et_pb_css_mix_blend_mode_passthrough\">\n<div class=\"et_pb_blurb_1 et_pb_blurb et_pb_bg_layout_dark et_pb_text_align_center et_pb_blurb_position_top et_animated et_clickable et_pb_module et_block_module ontdek\"><div class=\"et_pb_blurb_content\"><div class=\"et_pb_blurb_container\"><h2 class=\"et_pb_module_header\">tapas de helado con solapa<\/h2><\/div><\/div><\/div>\n<\/div>\n\n<div class=\"et_pb_column_11 et_pb_column et_pb_column_1_3 et-last-child et_block_column et_pb_css_mix_blend_mode_passthrough\">\n<div class=\"et_pb_blurb_2 et_pb_blurb et_pb_bg_layout_dark et_pb_text_align_center et_pb_blurb_position_top et_animated et_clickable et_pb_module et_block_module ontdek\"><div class=\"et_pb_blurb_content\"><div class=\"et_pb_blurb_container\"><h2 class=\"et_pb_module_header\">tapas de helado sin pl\u00e1stico<\/h2><\/div><\/div><\/div>\n<\/div>\n<\/div>\n\n<div class=\"et_pb_row_8 et_pb_row et_pb_equal_columns et_pb_gutters1 et_block_row\">\n<div class=\"et_pb_column_12 et_pb_column et_pb_column_1_3 et_block_column et_pb_css_mix_blend_mode_passthrough\">\n<div class=\"et_pb_blurb_3 et_pb_blurb et_pb_bg_layout_dark et_pb_text_align_center et_pb_blurb_position_top et_animated et_clickable et_pb_module et_block_module ontdek\"><div class=\"et_pb_blurb_content\"><div class=\"et_pb_blurb_container\"><h2 class=\"et_pb_module_header\">cajas de pasteles<\/h2><\/div><\/div><\/div>\n<\/div>\n\n<div class=\"et_pb_column_13 et_pb_column et_pb_column_1_3 et_block_column et_pb_css_mix_blend_mode_passthrough\">\n<div class=\"et_pb_blurb_4 et_pb_blurb et_pb_bg_layout_dark et_pb_text_align_center et_pb_blurb_position_top et_animated et_clickable et_pb_module et_block_module ontdek\"><div class=\"et_pb_blurb_content\"><div class=\"et_pb_blurb_container\"><h2 class=\"et_pb_module_header\">envases para la industria de la alimentaci\u00f3n<\/h2><\/div><\/div><\/div>\n<\/div>\n\n<div class=\"et_pb_column_14 et_pb_column et_pb_column_1_3 et-last-child et_block_column et_pb_css_mix_blend_mode_passthrough\">\n<div class=\"et_pb_blurb_5 et_pb_blurb et_pb_bg_layout_dark et_pb_text_align_center et_pb_blurb_position_top et_animated et_clickable et_pb_module et_block_module ontdek\"><div class=\"et_pb_blurb_content\"><div class=\"et_pb_blurb_container\"><h2 class=\"et_pb_module_header\">impresi\u00f3n comercial<\/h2><\/div><\/div><\/div>\n<\/div>\n<\/div>\n<\/div>","protected":false},"excerpt":{"rendered":"","protected":false},"author":1,"featured_media":0,"parent":0,"menu_order":0,"comment_status":"closed","ping_status":"closed","template":"","meta":{"footnotes":""},"dipi_cpt_category":[],"class_list":["post-2968","page","type-page","status-publish","hentry"],"_links":{"self":[{"href":"https:\/\/www.verstraetegraphics.be\/es\/wp-json\/wp\/v2\/pages\/2968","targetHints":{"allow":["GET"]}}],"collection":[{"href":"https:\/\/www.verstraetegraphics.be\/es\/wp-json\/wp\/v2\/pages"}],"about":[{"href":"https:\/\/www.verstraetegraphics.be\/es\/wp-json\/wp\/v2\/types\/page"}],"author":[{"embeddable":true,"href":"https:\/\/www.verstraetegraphics.be\/es\/wp-json\/wp\/v2\/users\/1"}],"replies":[{"embeddable":true,"href":"https:\/\/www.verstraetegraphics.be\/es\/wp-json\/wp\/v2\/comments?post=2968"}],"version-history":[{"count":15,"href":"https:\/\/www.verstraetegraphics.be\/es\/wp-json\/wp\/v2\/pages\/2968\/revisions"}],"predecessor-version":[{"id":4774,"href":"https:\/\/www.verstraetegraphics.be\/es\/wp-json\/wp\/v2\/pages\/2968\/revisions\/4774"}],"wp:attachment":[{"href":"https:\/\/www.verstraetegraphics.be\/es\/wp-json\/wp\/v2\/media?parent=2968"}],"wp:term":[{"taxonomy":"dipi_cpt_category","embeddable":true,"href":"https:\/\/www.verstraetegraphics.be\/es\/wp-json\/wp\/v2\/dipi_cpt_category?post=2968"}],"curies":[{"name":"wp","href":"https:\/\/api.w.org\/{rel}","templated":true}]}}