{"id":2681,"date":"2022-01-17T15:29:11","date_gmt":"2022-01-17T15:29:11","guid":{"rendered":"https:\/\/www.verstraetegraphics.be\/imprimes-commerciaux-dans-la-region-de-diksmuide\/"},"modified":"2026-03-19T17:36:59","modified_gmt":"2026-03-19T17:36:59","slug":"imprimes-commerciaux-dans-la-region-de-diksmuide","status":"publish","type":"page","link":"https:\/\/www.verstraetegraphics.be\/fr\/imprimes-commerciaux-dans-la-region-de-diksmuide\/","title":{"rendered":"Imprim\u00e9s commerciaux dans la r\u00e9gion de Diksmuide"},"content":{"rendered":"<div class=\"et_pb_section_0 et_pb_section et_section_regular et_flex_section\">\n<div class=\"et_pb_row_0 et_pb_row et_flex_row\">\n<div class=\"et_pb_column_0 et_pb_column et-last-child et_flex_column et_pb_css_mix_blend_mode_passthrough et_flex_column_24_24 et_flex_column_24_24_tablet et_flex_column_24_24_phone\">\n<div class=\"et_pb_image_0 et_pb_image et_pb_image_sticky et_pb_module et_flex_module\"><a href=\"https:\/\/www.verstraetegraphics.be\/fr\/\"><span class=\"et_pb_image_wrap\"><img loading=\"lazy\" decoding=\"async\" src=\"https:\/\/www.verstraetegraphics.be\/wp-content\/uploads\/verstraete-graphics-logo-1000px.png\" alt=\"Verstraete Graphics logo\" title=\"verstraete-graphics-logo-1000px\" width=\"1000\" height=\"389\" class=\"wp-image-1451\" \/><\/span><\/a><\/div>\n<\/div>\n<\/div>\n<\/div>\n\n<div class=\"et_pb_section_1 et_pb_section et_section_regular et_block_section\">\n<div class=\"et_pb_row_1 et_pb_row et_block_row et_animated\">\n<div class=\"et_pb_column_1 et_pb_column et_pb_column_4_4 et-last-child et_block_column et_pb_css_mix_blend_mode_passthrough\">\n<div class=\"et_pb_text_0 et_pb_text et_pb_bg_layout_light et_pb_module et_block_module et_pb_text_align_left-tablet\"><div class=\"et_pb_text_inner\"><h1>Imprim\u00e9s commerciaux<\/h1>\n<\/div><\/div>\n<\/div>\n<\/div>\n\n<div class=\"et_pb_row_2 et_pb_row et_block_row et_animated\">\n<div class=\"et_pb_column_2 et_pb_column et_pb_column_1_2 et_block_column et_pb_css_mix_blend_mode_passthrough\">\n<div class=\"et_pb_text_1 et_pb_text et_pb_bg_layout_light et_pb_module et_block_module et_pb_text_align_justified\"><div class=\"et_pb_text_inner\"><h3>Imprim\u00e9s commerciaux en offset d'imprim\u00e9s hautement qualitatifs<\/h3>\n<\/div><\/div>\n\n<div class=\"et_pb_divider_0 et_pb_divider et_pb_space et_pb_divider_position_top et_pb_module\"><div class=\"et_pb_divider_internal\"><\/div><\/div>\n\n<div class=\"et_pb_text_2 et_pb_text et_pb_bg_layout_light et_pb_module et_block_module et_pb_text_align_justified\"><div class=\"et_pb_text_inner\"><p>D\u00e9couvrez notre grande gamme d'imprim\u00e9s g\u00e9n\u00e9raux. Du papier-carbone, des en-t\u00eates de lettres \u00e9l\u00e9gantes, des fardes convaincantes pour la vente, des inserts en carton pratiques ou des \u00e9tiquettes... vous rendent la vie nettement plus facile. Dans la grande r\u00e9gion de Dixmude nous sommes renomm\u00e9s pour nos imprim\u00e9s offset qualitatifs. Nous sommes \u00e0 votre service. N'h\u00e9sitez surtout pas \u00e0 nous contacter pour une offre appropri\u00e9e.<\/p>\n<\/div><\/div>\n\n<div class=\"dipi_button_grid_0 dipi_button_grid et_animated et_pb_module\"><div class=\"dipi-button-grid-container\">\n        \n<div class=\"dipi_button_grid_child_0 dipi_button_grid_child dipi-pt-item--Text et_pb_module full-width-btn\"><a class=\"et_pb_button dipi-button-grid dipi-button-wrap\" href=\"https:\/\/www.verstraetegraphics.be\/familiaal-drukkers-en-afwerkingsbedrijf-met-jarenlange-ervaring-in-voedingssector\/\">d\u00e9couvrez notre entreprise <\/a><\/div>\n\n<div class=\"dipi_button_grid_child_1 dipi_button_grid_child dipi-pt-item--Text et_pb_module full-width-btn\"><a class=\"et_pb_button dipi-button-grid dipi-button-wrap\" href=\"https:\/\/www.verstraetegraphics.be\/contacteer-verstraete-graphics\/\">contactez-nous<\/a><\/div>\n\n      <\/div><\/div>\n<\/div>\n\n<div class=\"et_pb_column_3 et_pb_column et_pb_column_1_2 et-last-child et_block_column et_pb_css_mix_blend_mode_passthrough\">\n<div class=\"et_pb_image_1 et_pb_image et_pb_module et_flex_module\"><span class=\"et_pb_image_wrap\"><img loading=\"lazy\" decoding=\"async\" src=\"https:\/\/www.verstraetegraphics.be\/wp-content\/uploads\/kwaliteit-drukkkerij-productie-ijsdeksels-banketdozen.jpg\" title=\"kwaliteit-drukkkerij-productie-ijsdeksels-banketdozen\" width=\"1600\" height=\"900\" class=\"wp-image-2317\" \/><\/span><\/div>\n<\/div>\n<\/div>\n<\/div>\n\n<div class=\"et_pb_section_2 et_pb_section et_section_regular et_block_section\">\n<div class=\"et_pb_row_3 et_pb_row et_pb_equal_columns et_pb_gutters1 et_block_row\">\n<div class=\"et_pb_column_4 et_pb_column et_pb_column_1_3 et_block_column et_pb_css_mix_blend_mode_passthrough\">\n<div class=\"et_pb_blurb_0 et_pb_blurb et_pb_bg_layout_light et_pb_text_align_center et_pb_blurb_position_top et_animated et_clickable et_pb_module et_block_module ontdek\"><div class=\"et_pb_blurb_content\"><div class=\"et_pb_blurb_container\"><div class=\"et_pb_blurb_description\"><p>couvercles<br \/>de glace<\/p>\n<\/div><\/div><\/div><\/div>\n<\/div>\n\n<div class=\"et_pb_column_5 et_pb_column et_pb_column_1_3 et_block_column et_pb_css_mix_blend_mode_passthrough\">\n<div class=\"et_pb_blurb_1 et_pb_blurb et_pb_bg_layout_light et_pb_text_align_center et_pb_blurb_position_top et_animated et_clickable et_pb_module et_block_module ontdek\"><div class=\"et_pb_blurb_content\"><div class=\"et_pb_blurb_container\"><div class=\"et_pb_blurb_description\"><p>couvercles<br \/>de glace<br \/>avec l\u00e8vres<\/p>\n<\/div><\/div><\/div><\/div>\n<\/div>\n\n<div class=\"et_pb_column_6 et_pb_column et_pb_column_1_3 et-last-child et_block_column et_pb_css_mix_blend_mode_passthrough\">\n<div class=\"et_pb_blurb_2 et_pb_blurb et_pb_bg_layout_light et_pb_text_align_center et_pb_blurb_position_top et_animated et_clickable et_pb_module et_block_module ontdek\"><div class=\"et_pb_blurb_content\"><div class=\"et_pb_blurb_container\"><div class=\"et_pb_blurb_description\"><p>couvercles<br \/>de glace sans<br \/>couche PE<\/p>\n<\/div><\/div><\/div><\/div>\n<\/div>\n<\/div>\n\n<div class=\"et_pb_row_4 et_pb_row et_pb_equal_columns et_pb_gutters1 et_block_row\">\n<div class=\"et_pb_column_7 et_pb_column et_pb_column_1_3 et_block_column et_pb_css_mix_blend_mode_passthrough\">\n<div class=\"et_pb_blurb_3 et_pb_blurb et_pb_bg_layout_light et_pb_text_align_center et_pb_blurb_position_top et_animated et_clickable et_pb_module et_block_module ontdek\"><div class=\"et_pb_blurb_content\"><div class=\"et_pb_blurb_container\"><div class=\"et_pb_blurb_description\"><p>bo\u00eetes banquets<\/p>\n<\/div><\/div><\/div><\/div>\n<\/div>\n\n<div class=\"et_pb_column_8 et_pb_column et_pb_column_1_3 et_block_column et_pb_css_mix_blend_mode_passthrough\">\n<div class=\"et_pb_blurb_4 et_pb_blurb et_pb_bg_layout_light et_pb_text_align_center et_pb_blurb_position_top et_animated et_clickable et_pb_module et_block_module ontdek\"><div class=\"et_pb_blurb_content\"><div class=\"et_pb_blurb_container\"><div class=\"et_pb_blurb_description\"><p>emballage pour<br \/>l'industrie<br \/>alimentaire<\/p>\n<\/div><\/div><\/div><\/div>\n<\/div>\n\n<div class=\"et_pb_column_9 et_pb_column et_pb_column_1_3 et-last-child et_block_column et_pb_css_mix_blend_mode_passthrough\">\n<div class=\"et_pb_blurb_5 et_pb_blurb et_pb_bg_layout_light et_pb_text_align_center et_pb_blurb_position_top et_animated et_clickable et_pb_module et_block_module ontdek\"><div class=\"et_pb_blurb_content\"><div class=\"et_pb_blurb_container\"><div class=\"et_pb_blurb_description\"><p>imprim\u00e9s<br \/>commerciaux<\/p>\n<\/div><\/div><\/div><\/div>\n<\/div>\n<\/div>\n<\/div>","protected":false},"excerpt":{"rendered":"","protected":false},"author":1,"featured_media":0,"parent":0,"menu_order":0,"comment_status":"closed","ping_status":"closed","template":"","meta":{"footnotes":""},"dipi_cpt_category":[],"class_list":["post-2681","page","type-page","status-publish","hentry"],"_links":{"self":[{"href":"https:\/\/www.verstraetegraphics.be\/fr\/wp-json\/wp\/v2\/pages\/2681","targetHints":{"allow":["GET"]}}],"collection":[{"href":"https:\/\/www.verstraetegraphics.be\/fr\/wp-json\/wp\/v2\/pages"}],"about":[{"href":"https:\/\/www.verstraetegraphics.be\/fr\/wp-json\/wp\/v2\/types\/page"}],"author":[{"embeddable":true,"href":"https:\/\/www.verstraetegraphics.be\/fr\/wp-json\/wp\/v2\/users\/1"}],"replies":[{"embeddable":true,"href":"https:\/\/www.verstraetegraphics.be\/fr\/wp-json\/wp\/v2\/comments?post=2681"}],"version-history":[{"count":13,"href":"https:\/\/www.verstraetegraphics.be\/fr\/wp-json\/wp\/v2\/pages\/2681\/revisions"}],"predecessor-version":[{"id":4754,"href":"https:\/\/www.verstraetegraphics.be\/fr\/wp-json\/wp\/v2\/pages\/2681\/revisions\/4754"}],"wp:attachment":[{"href":"https:\/\/www.verstraetegraphics.be\/fr\/wp-json\/wp\/v2\/media?parent=2681"}],"wp:term":[{"taxonomy":"dipi_cpt_category","embeddable":true,"href":"https:\/\/www.verstraetegraphics.be\/fr\/wp-json\/wp\/v2\/dipi_cpt_category?post=2681"}],"curies":[{"name":"wp","href":"https:\/\/api.w.org\/{rel}","templated":true}]}}