{"id":2694,"date":"2022-01-19T09:49:31","date_gmt":"2022-01-19T09:49:31","guid":{"rendered":"https:\/\/www.verstraetegraphics.be\/politique-en-matiere-de-cookies\/"},"modified":"2026-03-17T14:04:12","modified_gmt":"2026-03-17T14:04:12","slug":"politique-en-matiere-de-cookies","status":"publish","type":"page","link":"https:\/\/www.verstraetegraphics.be\/fr\/politique-en-matiere-de-cookies\/","title":{"rendered":"Politique en mati\u00e8re de cookies"},"content":{"rendered":"\n<div class=\"et_pb_section_0 et_pb_section et_section_regular et_block_section\"><div class=\"et_pb_row_0 et_pb_row et_block_row et_animated\"><div class=\"et_pb_column_0 et_pb_column et_pb_column_4_4 et-last-child et_block_column et_pb_css_mix_blend_mode_passthrough\"><div class=\"et_pb_text_0 et_pb_text et_pb_bg_layout_light et_pb_module et_block_module et_pb_text_align_left-tablet\"><div class=\"et_pb_text_inner\"><h2>Politique en mati\u00e8re de cookies<\/h2>\n<\/div><\/div><div class=\"et_pb_text_1 et_pb_text et_pb_bg_layout_light et_pb_module et_block_module et_pb_text_align_justified\"><div class=\"et_pb_text_inner\"><p>La l\u00e9gislation exige que des cookies soient plac\u00e9s sur votre appareil s'ils sont n\u00e9cessaires au fonctionnement de ce site web. <br \/>Notre politique de confidentialit\u00e9 fournit des informations sur la mani\u00e8re dont nous traitons vos donn\u00e9es personnelles.<\/p>\n<\/div><\/div><\/div><\/div><div class=\"et_pb_row_1 et_pb_row et_block_row et_animated\"><div class=\"et_pb_column_1 et_pb_column et_pb_column_1_2 et_block_column et_pb_css_mix_blend_mode_passthrough\"><div class=\"et_pb_text_2 et_pb_text et_pb_bg_layout_light et_pb_module et_block_module et_pb_text_align_justified\"><div class=\"et_pb_text_inner\"><h3>Politique en mati\u00e8re de cookies de Verstraete Graphics nv<\/h3>\n<\/div><\/div><div class=\"et_pb_divider_0 et_pb_divider et_pb_space et_pb_divider_position_top et_pb_module\"><div class=\"et_pb_divider_internal\"><\/div><\/div><div class=\"et_pb_text_3 et_pb_text et_pb_bg_layout_light et_pb_module et_block_module et_pb_text_align_justified\"><div class=\"et_pb_text_inner\"><p>Verstraete Graphics nv, Leerlooierijstraat 10, 8600 Diksmuide est responsable de cette politique en mati\u00e8re de cookies. Veuillez consulter le site info@verstraetegraphics.be pour toute question et\/ou commentaire.<\/p>\n<p>Cette politique en mati\u00e8re de cookies s'applique \u00e0 tous les services en ligne : sites web et applications multim\u00e9dia. Certaines donn\u00e9es collect\u00e9es permettent de vous identifier en tant que personne physique et sont donc consid\u00e9r\u00e9es comme des donn\u00e9es \u00e0 caract\u00e8re personnel. En cons\u00e9quence, notre politique de confidentialit\u00e9 entre en vigueur.<\/p>\n<p>Verstraete graphics nv communiquera en temps utile toute modification de sa politique en mati\u00e8re de cookies, qui ne prendra effet que lorsque nous vous en aurons inform\u00e9.<\/p>\n<\/div><\/div><\/div><div class=\"et_pb_column_2 et_pb_column et_pb_column_1_2 et-last-child et_block_column et_pb_css_mix_blend_mode_passthrough\"><div class=\"et_pb_text_4 et_pb_text et_pb_bg_layout_light et_pb_module et_block_module et_pb_text_align_justified\"><div class=\"et_pb_text_inner\"><h3>Combien de temps les cookies durent-ils ?<\/h3>\n<\/div><\/div><div class=\"et_pb_divider_1 et_pb_divider et_pb_space et_pb_divider_position_top et_pb_module\"><div class=\"et_pb_divider_internal\"><\/div><\/div><div class=\"et_pb_text_5 et_pb_text et_pb_bg_layout_light et_pb_module et_block_module et_pb_text_align_justified\"><div class=\"et_pb_text_inner\"><p>Nous faisons la distinction entre les cookies temporaires et permanents.<\/p>\n<ul>\n<li>Cookies temporaires : ils disparaissent apr\u00e8s la fermeture de votre navigateur ou de votre application (mobile).<\/li>\n<li>Cookies permanents : restent sur votre appareil jusqu'\u00e0 ce qu'une certaine date de fin soit atteinte, jusqu'\u00e0 ce qu'un nouveau cookie soit install\u00e9 ou jusqu'\u00e0 ce que vous les supprimiez via les param\u00e8tres de votre navigateur ou de votre application (mobile).<\/li>\n<\/ul>\n<\/div><\/div><\/div><\/div><\/div>\n","protected":false},"excerpt":{"rendered":"","protected":false},"author":1,"featured_media":0,"parent":0,"menu_order":0,"comment_status":"closed","ping_status":"closed","template":"","meta":{"footnotes":""},"dipi_cpt_category":[],"class_list":["post-2694","page","type-page","status-publish","hentry"],"_links":{"self":[{"href":"https:\/\/www.verstraetegraphics.be\/fr\/wp-json\/wp\/v2\/pages\/2694","targetHints":{"allow":["GET"]}}],"collection":[{"href":"https:\/\/www.verstraetegraphics.be\/fr\/wp-json\/wp\/v2\/pages"}],"about":[{"href":"https:\/\/www.verstraetegraphics.be\/fr\/wp-json\/wp\/v2\/types\/page"}],"author":[{"embeddable":true,"href":"https:\/\/www.verstraetegraphics.be\/fr\/wp-json\/wp\/v2\/users\/1"}],"replies":[{"embeddable":true,"href":"https:\/\/www.verstraetegraphics.be\/fr\/wp-json\/wp\/v2\/comments?post=2694"}],"version-history":[{"count":6,"href":"https:\/\/www.verstraetegraphics.be\/fr\/wp-json\/wp\/v2\/pages\/2694\/revisions"}],"predecessor-version":[{"id":3966,"href":"https:\/\/www.verstraetegraphics.be\/fr\/wp-json\/wp\/v2\/pages\/2694\/revisions\/3966"}],"wp:attachment":[{"href":"https:\/\/www.verstraetegraphics.be\/fr\/wp-json\/wp\/v2\/media?parent=2694"}],"wp:term":[{"taxonomy":"dipi_cpt_category","embeddable":true,"href":"https:\/\/www.verstraetegraphics.be\/fr\/wp-json\/wp\/v2\/dipi_cpt_category?post=2694"}],"curies":[{"name":"wp","href":"https:\/\/api.w.org\/{rel}","templated":true}]}}