{"id":2709,"date":"2022-01-19T10:13:23","date_gmt":"2022-01-19T10:13:23","guid":{"rendered":"https:\/\/www.verstraetegraphics.be\/offres-demploi-verstraete-graphics-diksmuide\/"},"modified":"2026-03-18T15:21:40","modified_gmt":"2026-03-18T15:21:40","slug":"offres-demploi-verstraete-graphics-diksmuide","status":"publish","type":"page","link":"https:\/\/www.verstraetegraphics.be\/fr\/offres-demploi-verstraete-graphics-diksmuide\/","title":{"rendered":"Offres d&#8217;emploi Verstraete Graphics Diksmuide"},"content":{"rendered":"<div class=\"et_pb_section_0 et_pb_section et_section_regular et_flex_section\">\n<div class=\"et_pb_row_0 et_pb_row et_flex_row\">\n<div class=\"et_pb_column_0 et_pb_column et-last-child et_flex_column et_pb_css_mix_blend_mode_passthrough et_flex_column_24_24 et_flex_column_24_24_tablet et_flex_column_24_24_phone\">\n<div class=\"et_pb_image_0 et_pb_image et_pb_image_sticky et_pb_module et_flex_module\"><a href=\"https:\/\/www.verstraetegraphics.be\/fr\/\"><span class=\"et_pb_image_wrap\"><img loading=\"lazy\" decoding=\"async\" src=\"https:\/\/www.verstraetegraphics.be\/wp-content\/uploads\/verstraete-graphics-logo-1000px.png\" alt=\"Verstraete Graphics logo\" title=\"verstraete-graphics-logo-1000px\" width=\"1000\" height=\"389\" class=\"wp-image-1451\" \/><\/span><\/a><\/div>\n<\/div>\n<\/div>\n<\/div>\n\n<div class=\"et_pb_section_1 et_pb_section et_section_regular et_block_section\">\n<div class=\"et_pb_row_1 et_pb_row et_block_row et_animated\">\n<div class=\"et_pb_column_1 et_pb_column et_pb_column_1_2 et_block_column et_pb_css_mix_blend_mode_passthrough\">\n<div class=\"et_pb_text_0 et_pb_text et_pb_bg_layout_light et_pb_module et_block_module et_pb_text_align_center et_pb_text_align_left-tablet\"><div class=\"et_pb_text_inner\"><h1>Offres d'emploi<\/h1>\n<\/div><\/div>\n\n<div class=\"et_pb_text_1 et_pb_text et_pb_bg_layout_light et_pb_module et_block_module et_pb_text_align_justified\"><div class=\"et_pb_text_inner\"><h3>\u00c0 la recherche d'un emploi passionnant dans une imprimerie moderne ?<\/h3>\n<\/div><\/div>\n\n<div class=\"et_pb_divider_0 et_pb_divider et_pb_space et_pb_divider_position_top et_pb_module\"><div class=\"et_pb_divider_internal\"><\/div><\/div>\n\n<div class=\"et_pb_text_2 et_pb_text et_pb_bg_layout_light et_pb_module et_block_module et_pb_text_align_justified\"><div class=\"et_pb_text_inner\"><p>Sollicitez-nous spontan\u00e9ment ! Nous sommes toujours \u00e0 la recherche de bons (bonnes) collaborateurs passionn\u00e9s pour notre m\u00e9tier. N'h\u00e9sitez surtout pas \u00e0 nous contacter.<\/p>\n<\/div><\/div>\n\n<div class=\"dipi_button_grid_0 dipi_button_grid et_animated et_pb_module\"><div class=\"dipi-button-grid-container\">\n        \n<div class=\"dipi_button_grid_child_0 dipi_button_grid_child dipi-pt-item--Text et_pb_module full-width-btn\"><a class=\"et_pb_button dipi-button-grid dipi-button-wrap\" href=\"https:\/\/www.verstraetegraphics.be\/contacteer-verstraete-graphics\/\">contactez-nous<\/a><\/div>\n\n      <\/div><\/div>\n<\/div>\n\n<div class=\"et_pb_column_2 et_pb_column et_pb_column_1_2 et-last-child et_block_column et_pb_column_empty et_pb_css_mix_blend_mode_passthrough\"><\/div>\n<\/div>\n<\/div>\n\n<div class=\"et_pb_section_2 et_pb_section et_section_regular et_block_section\">\n<div class=\"et_pb_row_2 et_pb_row et_block_row\">\n<div class=\"et_pb_column_3 et_pb_column et_pb_column_4_4 et-last-child et_block_column et_pb_css_mix_blend_mode_passthrough\">\n\n<div class=\"et_pb_module et_d4_element dipi_masonry_gallery dipi_masonry_gallery_0\">\n\t\t\t\t\n\t\t\t\t\n\t\t\t\t\n\t\t\t\t\n\t\t\t\t\n\t\t\t\t\n\t\t\t\t<div class=\"et_pb_module_inner\">\n\t\t\t\t\t<div class=\"dipi_masonry_gallery_wrapper\" data-config=\"{&quot;infinite_scroll_viewport&quot;:&quot;25%&quot;}\">\n                \n            <div\n                class=\"dipi_masonry_gallery_container animated none\"\n                \n                data-count=\"15\"\n                data-anim=\"none\"\n            >\n                <div class=\"grid show_lightbox show_lightbox_tablet show_lightbox_phone show_overlay \" data-lazy=\"false\" >\n                    <div class=\"grid-sizer\"><\/div><div class=\"gutter-sizer\"><\/div><div class=\"grid-item et_pb_gallery_image \">\n                       \n                        <div class=\"img-container dipi-mg-animation dipi-mg-none\" href=\"https:\/\/www.verstraetegraphics.be\/wp-content\/uploads\/drukkkerij-kartonnage-ijsdeksels-banketdozen.jpg\">\n                            <img decoding=\"async\" src=\"https:\/\/www.verstraetegraphics.be\/wp-content\/uploads\/drukkkerij-kartonnage-ijsdeksels-banketdozen.jpg\"\n                                alt=\"\"\n                                loading=\"lazy\"\n                            \/>\n                            <span class=\"dipi_masonry_gallery_overlay background\"><\/span>\n                <span class=\"dipi_masonry_gallery_overlay background-hover\"><\/span>\n                <span class=\"dipi_masonry_gallery_overlay content\" style=\"transition-duration: 0ms;\">\n                    <div class=\"et-pb-icon  et_pb_inline_icon dipi-mansonry-gallery-icon dipi-mansonry-gallery-icon-circle animated zoomIn\" data-icon=\"&#x4c;\"><\/div>\n                    \n                    \n                <\/span>\n                        <\/div>\n                    \n                <\/div><div class=\"grid-item et_pb_gallery_image \">\n                       \n                        <div class=\"img-container dipi-mg-animation dipi-mg-none\" href=\"https:\/\/www.verstraetegraphics.be\/wp-content\/uploads\/productie-ijsdeksels-verpakking.jpg\">\n                            <img decoding=\"async\" src=\"https:\/\/www.verstraetegraphics.be\/wp-content\/uploads\/productie-ijsdeksels-verpakking.jpg\"\n                                alt=\"\"\n                                loading=\"lazy\"\n                            \/>\n                            <span class=\"dipi_masonry_gallery_overlay background\"><\/span>\n                <span class=\"dipi_masonry_gallery_overlay background-hover\"><\/span>\n                <span class=\"dipi_masonry_gallery_overlay content\" style=\"transition-duration: 0ms;\">\n                    <div class=\"et-pb-icon  et_pb_inline_icon dipi-mansonry-gallery-icon dipi-mansonry-gallery-icon-circle animated zoomIn\" data-icon=\"&#x4c;\"><\/div>\n                    \n                    \n                <\/span>\n                        <\/div>\n                    \n                <\/div><div class=\"grid-item et_pb_gallery_image \">\n                       \n                        <div class=\"img-container dipi-mg-animation dipi-mg-none\" href=\"https:\/\/www.verstraetegraphics.be\/wp-content\/uploads\/productie-ijsdeksels-oreo.jpg\">\n                            <img decoding=\"async\" src=\"https:\/\/www.verstraetegraphics.be\/wp-content\/uploads\/productie-ijsdeksels-oreo.jpg\"\n                                alt=\"\"\n                                loading=\"lazy\"\n                            \/>\n                            <span class=\"dipi_masonry_gallery_overlay background\"><\/span>\n                <span class=\"dipi_masonry_gallery_overlay background-hover\"><\/span>\n                <span class=\"dipi_masonry_gallery_overlay content\" style=\"transition-duration: 0ms;\">\n                    <div class=\"et-pb-icon  et_pb_inline_icon dipi-mansonry-gallery-icon dipi-mansonry-gallery-icon-circle animated zoomIn\" data-icon=\"&#x4c;\"><\/div>\n                    \n                    \n                <\/span>\n                        <\/div>\n                    \n                <\/div><div class=\"grid-item et_pb_gallery_image \">\n                       \n                        <div class=\"img-container dipi-mg-animation dipi-mg-none\" href=\"https:\/\/www.verstraetegraphics.be\/wp-content\/uploads\/kwaliteit-drukkkerij-productie-ijsdeksels-banketdozen.jpg\">\n                            <img decoding=\"async\" src=\"https:\/\/www.verstraetegraphics.be\/wp-content\/uploads\/kwaliteit-drukkkerij-productie-ijsdeksels-banketdozen.jpg\"\n                                alt=\"\"\n                                loading=\"lazy\"\n                            \/>\n                            <span class=\"dipi_masonry_gallery_overlay background\"><\/span>\n                <span class=\"dipi_masonry_gallery_overlay background-hover\"><\/span>\n                <span class=\"dipi_masonry_gallery_overlay content\" style=\"transition-duration: 0ms;\">\n                    <div class=\"et-pb-icon  et_pb_inline_icon dipi-mansonry-gallery-icon dipi-mansonry-gallery-icon-circle animated zoomIn\" data-icon=\"&#x4c;\"><\/div>\n                    \n                    \n                <\/span>\n                        <\/div>\n                    \n                <\/div><div class=\"grid-item et_pb_gallery_image \">\n                       \n                        <div class=\"img-container dipi-mg-animation dipi-mg-none\" href=\"https:\/\/www.verstraetegraphics.be\/wp-content\/uploads\/drukkkerij-productie-ijsdeksels-banketdozen.jpg\">\n                            <img decoding=\"async\" src=\"https:\/\/www.verstraetegraphics.be\/wp-content\/uploads\/drukkkerij-productie-ijsdeksels-banketdozen.jpg\"\n                                alt=\"\"\n                                loading=\"lazy\"\n                            \/>\n                            <span class=\"dipi_masonry_gallery_overlay background\"><\/span>\n                <span class=\"dipi_masonry_gallery_overlay background-hover\"><\/span>\n                <span class=\"dipi_masonry_gallery_overlay content\" style=\"transition-duration: 0ms;\">\n                    <div class=\"et-pb-icon  et_pb_inline_icon dipi-mansonry-gallery-icon dipi-mansonry-gallery-icon-circle animated zoomIn\" data-icon=\"&#x4c;\"><\/div>\n                    \n                    \n                <\/span>\n                        <\/div>\n                    \n                <\/div><div class=\"grid-item et_pb_gallery_image \">\n                       \n                        <div class=\"img-container dipi-mg-animation dipi-mg-none\" href=\"https:\/\/www.verstraetegraphics.be\/wp-content\/uploads\/specialist-productie-ijsdeksels-banketdozen.jpg\">\n                            <img decoding=\"async\" src=\"https:\/\/www.verstraetegraphics.be\/wp-content\/uploads\/specialist-productie-ijsdeksels-banketdozen.jpg\"\n                                alt=\"\"\n                                loading=\"lazy\"\n                            \/>\n                            <span class=\"dipi_masonry_gallery_overlay background\"><\/span>\n                <span class=\"dipi_masonry_gallery_overlay background-hover\"><\/span>\n                <span class=\"dipi_masonry_gallery_overlay content\" style=\"transition-duration: 0ms;\">\n                    <div class=\"et-pb-icon  et_pb_inline_icon dipi-mansonry-gallery-icon dipi-mansonry-gallery-icon-circle animated zoomIn\" data-icon=\"&#x4c;\"><\/div>\n                    \n                    \n                <\/span>\n                        <\/div>\n                    \n                <\/div><div class=\"grid-item et_pb_gallery_image \">\n                       \n                        <div class=\"img-container dipi-mg-animation dipi-mg-none\" href=\"https:\/\/www.verstraetegraphics.be\/wp-content\/uploads\/specialist-productie-banketdozen.jpg\">\n                            <img decoding=\"async\" src=\"https:\/\/www.verstraetegraphics.be\/wp-content\/uploads\/specialist-productie-banketdozen.jpg\"\n                                alt=\"\"\n                                loading=\"lazy\"\n                            \/>\n                            <span class=\"dipi_masonry_gallery_overlay background\"><\/span>\n                <span class=\"dipi_masonry_gallery_overlay background-hover\"><\/span>\n                <span class=\"dipi_masonry_gallery_overlay content\" style=\"transition-duration: 0ms;\">\n                    <div class=\"et-pb-icon  et_pb_inline_icon dipi-mansonry-gallery-icon dipi-mansonry-gallery-icon-circle animated zoomIn\" data-icon=\"&#x4c;\"><\/div>\n                    \n                    \n                <\/span>\n                        <\/div>\n                    \n                <\/div><div class=\"grid-item et_pb_gallery_image \">\n                       \n                        <div class=\"img-container dipi-mg-animation dipi-mg-none\" href=\"https:\/\/www.verstraetegraphics.be\/wp-content\/uploads\/productie-ijsdeksels-banketdozen-uitstansen.jpg\">\n                            <img decoding=\"async\" src=\"https:\/\/www.verstraetegraphics.be\/wp-content\/uploads\/productie-ijsdeksels-banketdozen-uitstansen.jpg\"\n                                alt=\"\"\n                                loading=\"lazy\"\n                            \/>\n                            <span class=\"dipi_masonry_gallery_overlay background\"><\/span>\n                <span class=\"dipi_masonry_gallery_overlay background-hover\"><\/span>\n                <span class=\"dipi_masonry_gallery_overlay content\" style=\"transition-duration: 0ms;\">\n                    <div class=\"et-pb-icon  et_pb_inline_icon dipi-mansonry-gallery-icon dipi-mansonry-gallery-icon-circle animated zoomIn\" data-icon=\"&#x4c;\"><\/div>\n                    \n                    \n                <\/span>\n                        <\/div>\n                    \n                <\/div><div class=\"grid-item et_pb_gallery_image \">\n                       \n                        <div class=\"img-container dipi-mg-animation dipi-mg-none\" href=\"https:\/\/www.verstraetegraphics.be\/wp-content\/uploads\/specialist-productie-ijsdeksels.jpg\">\n                            <img decoding=\"async\" src=\"https:\/\/www.verstraetegraphics.be\/wp-content\/uploads\/specialist-productie-ijsdeksels.jpg\"\n                                alt=\"\"\n                                loading=\"lazy\"\n                            \/>\n                            <span class=\"dipi_masonry_gallery_overlay background\"><\/span>\n                <span class=\"dipi_masonry_gallery_overlay background-hover\"><\/span>\n                <span class=\"dipi_masonry_gallery_overlay content\" style=\"transition-duration: 0ms;\">\n                    <div class=\"et-pb-icon  et_pb_inline_icon dipi-mansonry-gallery-icon dipi-mansonry-gallery-icon-circle animated zoomIn\" data-icon=\"&#x4c;\"><\/div>\n                    \n                    \n                <\/span>\n                        <\/div>\n                    \n                <\/div><div class=\"grid-item et_pb_gallery_image \">\n                       \n                        <div class=\"img-container dipi-mg-animation dipi-mg-none\" href=\"https:\/\/www.verstraetegraphics.be\/wp-content\/uploads\/hightech-productie-uitstansen-ijsdeksels-banketdozen.jpg\">\n                            <img decoding=\"async\" src=\"https:\/\/www.verstraetegraphics.be\/wp-content\/uploads\/hightech-productie-uitstansen-ijsdeksels-banketdozen.jpg\"\n                                alt=\"\"\n                                loading=\"lazy\"\n                            \/>\n                            <span class=\"dipi_masonry_gallery_overlay background\"><\/span>\n                <span class=\"dipi_masonry_gallery_overlay background-hover\"><\/span>\n                <span class=\"dipi_masonry_gallery_overlay content\" style=\"transition-duration: 0ms;\">\n                    <div class=\"et-pb-icon  et_pb_inline_icon dipi-mansonry-gallery-icon dipi-mansonry-gallery-icon-circle animated zoomIn\" data-icon=\"&#x4c;\"><\/div>\n                    \n                    \n                <\/span>\n                        <\/div>\n                    \n                <\/div><div class=\"grid-item et_pb_gallery_image \">\n                       \n                        <div class=\"img-container dipi-mg-animation dipi-mg-none\" href=\"https:\/\/www.verstraetegraphics.be\/wp-content\/uploads\/productie-ijsdeksels-met-lip.jpg\">\n                            <img decoding=\"async\" src=\"https:\/\/www.verstraetegraphics.be\/wp-content\/uploads\/productie-ijsdeksels-met-lip.jpg\"\n                                alt=\"\"\n                                loading=\"lazy\"\n                            \/>\n                            <span class=\"dipi_masonry_gallery_overlay background\"><\/span>\n                <span class=\"dipi_masonry_gallery_overlay background-hover\"><\/span>\n                <span class=\"dipi_masonry_gallery_overlay content\" style=\"transition-duration: 0ms;\">\n                    <div class=\"et-pb-icon  et_pb_inline_icon dipi-mansonry-gallery-icon dipi-mansonry-gallery-icon-circle animated zoomIn\" data-icon=\"&#x4c;\"><\/div>\n                    \n                    \n                <\/span>\n                        <\/div>\n                    \n                <\/div><div class=\"grid-item et_pb_gallery_image \">\n                       \n                        <div class=\"img-container dipi-mg-animation dipi-mg-none\" href=\"https:\/\/www.verstraetegraphics.be\/wp-content\/uploads\/magazijn-drukkerij-kartonnage-ijsdeksels-banketdozen.jpg\">\n                            <img decoding=\"async\" src=\"https:\/\/www.verstraetegraphics.be\/wp-content\/uploads\/magazijn-drukkerij-kartonnage-ijsdeksels-banketdozen.jpg\"\n                                alt=\"\"\n                                loading=\"lazy\"\n                            \/>\n                            <span class=\"dipi_masonry_gallery_overlay background\"><\/span>\n                <span class=\"dipi_masonry_gallery_overlay background-hover\"><\/span>\n                <span class=\"dipi_masonry_gallery_overlay content\" style=\"transition-duration: 0ms;\">\n                    <div class=\"et-pb-icon  et_pb_inline_icon dipi-mansonry-gallery-icon dipi-mansonry-gallery-icon-circle animated zoomIn\" data-icon=\"&#x4c;\"><\/div>\n                    \n                    \n                <\/span>\n                        <\/div>\n                    \n                <\/div><div class=\"grid-item et_pb_gallery_image \">\n                       \n                        <div class=\"img-container dipi-mg-animation dipi-mg-none\" href=\"https:\/\/www.verstraetegraphics.be\/wp-content\/uploads\/Verstraete-graphics-duurzame-productie-zonnepanelen.jpg\">\n                            <img decoding=\"async\" src=\"https:\/\/www.verstraetegraphics.be\/wp-content\/uploads\/Verstraete-graphics-duurzame-productie-zonnepanelen.jpg\"\n                                alt=\"\"\n                                loading=\"lazy\"\n                            \/>\n                            <span class=\"dipi_masonry_gallery_overlay background\"><\/span>\n                <span class=\"dipi_masonry_gallery_overlay background-hover\"><\/span>\n                <span class=\"dipi_masonry_gallery_overlay content\" style=\"transition-duration: 0ms;\">\n                    <div class=\"et-pb-icon  et_pb_inline_icon dipi-mansonry-gallery-icon dipi-mansonry-gallery-icon-circle animated zoomIn\" data-icon=\"&#x4c;\"><\/div>\n                    \n                    \n                <\/span>\n                        <\/div>\n                    \n                <\/div><div class=\"grid-item et_pb_gallery_image \">\n                       \n                        <div class=\"img-container dipi-mg-animation dipi-mg-none\" href=\"https:\/\/www.verstraetegraphics.be\/wp-content\/uploads\/Verstraete-graphics-recyclage-papierresten.jpg\">\n                            <img decoding=\"async\" src=\"https:\/\/www.verstraetegraphics.be\/wp-content\/uploads\/Verstraete-graphics-recyclage-papierresten.jpg\"\n                                alt=\"\"\n                                loading=\"lazy\"\n                            \/>\n                            <span class=\"dipi_masonry_gallery_overlay background\"><\/span>\n                <span class=\"dipi_masonry_gallery_overlay background-hover\"><\/span>\n                <span class=\"dipi_masonry_gallery_overlay content\" style=\"transition-duration: 0ms;\">\n                    <div class=\"et-pb-icon  et_pb_inline_icon dipi-mansonry-gallery-icon dipi-mansonry-gallery-icon-circle animated zoomIn\" data-icon=\"&#x4c;\"><\/div>\n                    \n                    \n                <\/span>\n                        <\/div>\n                    \n                <\/div><div class=\"grid-item et_pb_gallery_image \">\n                       \n                        <div class=\"img-container dipi-mg-animation dipi-mg-none\" href=\"https:\/\/www.verstraetegraphics.be\/wp-content\/uploads\/Verstraete-graphics-recyclage.jpg\">\n                            <img decoding=\"async\" src=\"https:\/\/www.verstraetegraphics.be\/wp-content\/uploads\/Verstraete-graphics-recyclage.jpg\"\n                                alt=\"\"\n                                loading=\"lazy\"\n                            \/>\n                            <span class=\"dipi_masonry_gallery_overlay background\"><\/span>\n                <span class=\"dipi_masonry_gallery_overlay background-hover\"><\/span>\n                <span class=\"dipi_masonry_gallery_overlay content\" style=\"transition-duration: 0ms;\">\n                    <div class=\"et-pb-icon  et_pb_inline_icon dipi-mansonry-gallery-icon dipi-mansonry-gallery-icon-circle animated zoomIn\" data-icon=\"&#x4c;\"><\/div>\n                    \n                    \n                <\/span>\n                        <\/div>\n                    \n                <\/div>\n                <\/div>\n                \n            <\/div>\n            \n            <\/div>\n             \n\t\t\t\t<\/div>\n\t\t\t<\/div>\n\n<\/div>\n<\/div>\n<\/div>","protected":false},"excerpt":{"rendered":"","protected":false},"author":1,"featured_media":0,"parent":0,"menu_order":0,"comment_status":"closed","ping_status":"closed","template":"","meta":{"_et_pb_use_builder":"on","_et_pb_old_content":"","_et_gb_content_width":"","footnotes":""},"dipi_cpt_category":[],"class_list":["post-2709","page","type-page","status-publish","hentry"],"_links":{"self":[{"href":"https:\/\/www.verstraetegraphics.be\/fr\/wp-json\/wp\/v2\/pages\/2709","targetHints":{"allow":["GET"]}}],"collection":[{"href":"https:\/\/www.verstraetegraphics.be\/fr\/wp-json\/wp\/v2\/pages"}],"about":[{"href":"https:\/\/www.verstraetegraphics.be\/fr\/wp-json\/wp\/v2\/types\/page"}],"author":[{"embeddable":true,"href":"https:\/\/www.verstraetegraphics.be\/fr\/wp-json\/wp\/v2\/users\/1"}],"replies":[{"embeddable":true,"href":"https:\/\/www.verstraetegraphics.be\/fr\/wp-json\/wp\/v2\/comments?post=2709"}],"version-history":[{"count":6,"href":"https:\/\/www.verstraetegraphics.be\/fr\/wp-json\/wp\/v2\/pages\/2709\/revisions"}],"predecessor-version":[{"id":4425,"href":"https:\/\/www.verstraetegraphics.be\/fr\/wp-json\/wp\/v2\/pages\/2709\/revisions\/4425"}],"wp:attachment":[{"href":"https:\/\/www.verstraetegraphics.be\/fr\/wp-json\/wp\/v2\/media?parent=2709"}],"wp:term":[{"taxonomy":"dipi_cpt_category","embeddable":true,"href":"https:\/\/www.verstraetegraphics.be\/fr\/wp-json\/wp\/v2\/dipi_cpt_category?post=2709"}],"curies":[{"name":"wp","href":"https:\/\/api.w.org\/{rel}","templated":true}]}}