{"id":2712,"date":"2022-01-19T10:21:05","date_gmt":"2022-01-19T10:21:05","guid":{"rendered":"https:\/\/www.verstraetegraphics.be\/production-de-boites-banquets-dans-la-region-de-diksmuide\/"},"modified":"2026-03-19T17:30:37","modified_gmt":"2026-03-19T17:30:37","slug":"production-de-boites-banquets-dans-la-region-de-diksmuide","status":"publish","type":"page","link":"https:\/\/www.verstraetegraphics.be\/fr\/production-de-boites-banquets-dans-la-region-de-diksmuide\/","title":{"rendered":"Production de bo\u00eetes banquets dans la r\u00e9gion de Diksmuide"},"content":{"rendered":"<div class=\"et_pb_section_0 et_pb_section et_section_regular et_flex_section\">\n<div class=\"et_pb_row_0 et_pb_row et_flex_row\">\n<div class=\"et_pb_column_0 et_pb_column et-last-child et_flex_column et_pb_css_mix_blend_mode_passthrough et_flex_column_24_24 et_flex_column_24_24_tablet et_flex_column_24_24_phone\">\n<div class=\"et_pb_image_0 et_pb_image et_pb_image_sticky et_pb_module et_flex_module\"><a href=\"https:\/\/www.verstraetegraphics.be\/fr\/\"><span class=\"et_pb_image_wrap\"><img loading=\"lazy\" decoding=\"async\" src=\"https:\/\/www.verstraetegraphics.be\/wp-content\/uploads\/verstraete-graphics-logo-1000px.png\" alt=\"Verstraete Graphics logo\" title=\"verstraete-graphics-logo-1000px\" width=\"1000\" height=\"389\" class=\"wp-image-1451\" \/><\/span><\/a><\/div>\n<\/div>\n<\/div>\n<\/div>\n\n<div class=\"et_pb_section_1 et_pb_section et_pb_fullwidth_section et_section_regular et_block_section section_has_divider et_pb_top_divider\"><div class=\"et_pb_top_inside_divider et-no-transition\"><\/div>\n<div class=\"et_pb_fullwidth_image_0 et_pb_fullwidth_image et_pb_module\"><img loading=\"lazy\" decoding=\"async\" src=\"https:\/\/www.verstraetegraphics.be\/wp-content\/uploads\/Verstraete-graphics-productie-banketdozen-1.jpg\" width=\"2000\" height=\"1067\" class=\"wp-image-1958\" title=\"Verstraete-graphics-production-bo\u00eetes-banquets\" alt=\"Productie van banketdozen bij Verstraete Graphics in Diksmuide\" \/><\/div>\n<\/div>\n\n<div class=\"et_pb_section_2 et_pb_section et_section_regular et_block_section\">\n<div class=\"et_pb_row_1 et_pb_row et_block_row et_animated\">\n<div class=\"et_pb_column_1 et_pb_column et_pb_column_4_4 et-last-child et_block_column et_pb_css_mix_blend_mode_passthrough\">\n<div class=\"et_pb_text_0 et_pb_text et_pb_bg_layout_light et_pb_module et_block_module et_pb_text_align_left-tablet\"><div class=\"et_pb_text_inner\"><h2>Bo\u00eetes banquets<\/h2>\n<\/div><\/div>\n<\/div>\n<\/div>\n\n<div class=\"et_pb_row_2 et_pb_row et_block_row et_animated\">\n<div class=\"et_pb_column_2 et_pb_column et_pb_column_1_2 et_block_column et_pb_css_mix_blend_mode_passthrough\">\n<div class=\"et_pb_text_1 et_pb_text et_pb_bg_layout_light et_pb_module et_block_module et_pb_text_align_justified\"><div class=\"et_pb_text_inner\"><h3>Bo\u00eetes banquets sur mesure<\/h3>\n<\/div><\/div>\n\n<div class=\"et_pb_divider_0 et_pb_divider et_pb_space et_pb_divider_position_top et_pb_module\"><div class=\"et_pb_divider_internal\"><\/div><\/div>\n\n<div class=\"et_pb_text_2 et_pb_text et_pb_bg_layout_light et_pb_module et_block_module et_pb_text_align_justified\"><div class=\"et_pb_text_inner\"><p>Pour l'emballage d'utilisation diverse nous fabriquons entre autres des bo\u00eetes (banquets) coll\u00e9es en carton \u00e0 4 points pour toute mesure souhait\u00e9e, pourvues d'un imprim\u00e9 attrayant et s\u00fbr pour l'alimentation, tout \u00e0 fait selon vos souhaits ou adapt\u00e9es au produit ou \u00e0 la saison. Nous nous faisons un plaisir d'explorer ensemble avec vous les possibilit\u00e9s techniques et cr\u00e9atives.<\/p>\n<\/div><\/div>\n\n<div class=\"dipi_button_grid_0 dipi_button_grid et_animated et_pb_module\"><div class=\"dipi-button-grid-container\">\n        \n<div class=\"dipi_button_grid_child_0 dipi_button_grid_child dipi-pt-item--Text et_pb_module full-width-btn\"><a class=\"et_pb_button dipi-button-grid dipi-button-wrap\" href=\"https:\/\/www.verstraetegraphics.be\/familiaal-drukkers-en-afwerkingsbedrijf-met-jarenlange-ervaring-in-voedingssector\/\">d\u00e9couvrez notre entreprise <\/a><\/div>\n\n<div class=\"dipi_button_grid_child_1 dipi_button_grid_child dipi-pt-item--Text et_pb_module full-width-btn\"><a class=\"et_pb_button dipi-button-grid dipi-button-wrap\" href=\"https:\/\/www.verstraetegraphics.be\/contacteer-verstraete-graphics\/\">contactez-nous<\/a><\/div>\n\n      <\/div><\/div>\n<\/div>\n\n<div class=\"et_pb_column_3 et_pb_column et_pb_column_1_2 et-last-child et_block_column et_pb_css_mix_blend_mode_passthrough\">\n\n<div class=\"et_pb_module et_d4_element dipi_masonry_gallery dipi_masonry_gallery_0\">\n\t\t\t\t\n\t\t\t\t\n\t\t\t\t\n\t\t\t\t\n\t\t\t\t\n\t\t\t\t\n\t\t\t\t<div class=\"et_pb_module_inner\">\n\t\t\t\t\t<div class=\"dipi_masonry_gallery_wrapper\" data-config=\"{&quot;infinite_scroll_viewport&quot;:&quot;25%&quot;}\">\n                \n            <div\n                class=\"dipi_masonry_gallery_container animated none\"\n                \n                data-count=\"4\"\n                data-anim=\"none\"\n            >\n                <div class=\"grid show_lightbox show_lightbox_tablet show_lightbox_phone show_overlay \" data-lazy=\"false\" >\n                    <div class=\"grid-sizer\"><\/div><div class=\"gutter-sizer\"><\/div><div class=\"grid-item et_pb_gallery_image \">\n                       \n                        <div class=\"img-container dipi-mg-animation dipi-mg-none\" href=\"https:\/\/www.verstraetegraphics.be\/wp-content\/uploads\/Verstraete-graphics-productie-15.jpg\">\n                            <img decoding=\"async\" src=\"https:\/\/www.verstraetegraphics.be\/wp-content\/uploads\/Verstraete-graphics-productie-15.jpg\"\n                                alt=\"\"\n                                loading=\"lazy\"\n                            \/>\n                            <span class=\"dipi_masonry_gallery_overlay background\"><\/span>\n                <span class=\"dipi_masonry_gallery_overlay background-hover\"><\/span>\n                <span class=\"dipi_masonry_gallery_overlay content\" style=\"transition-duration: 0ms;\">\n                    <div class=\"et-pb-icon  et_pb_inline_icon dipi-mansonry-gallery-icon dipi-mansonry-gallery-icon-circle animated zoomIn\" data-icon=\"&#x4c;\"><\/div>\n                    \n                    \n                <\/span>\n                        <\/div>\n                    \n                <\/div><div class=\"grid-item et_pb_gallery_image \">\n                       \n                        <div class=\"img-container dipi-mg-animation dipi-mg-none\" href=\"https:\/\/www.verstraetegraphics.be\/wp-content\/uploads\/Verstraete-graphics-productie-32.jpg\">\n                            <img decoding=\"async\" src=\"https:\/\/www.verstraetegraphics.be\/wp-content\/uploads\/Verstraete-graphics-productie-32.jpg\"\n                                alt=\"\"\n                                loading=\"lazy\"\n                            \/>\n                            <span class=\"dipi_masonry_gallery_overlay background\"><\/span>\n                <span class=\"dipi_masonry_gallery_overlay background-hover\"><\/span>\n                <span class=\"dipi_masonry_gallery_overlay content\" style=\"transition-duration: 0ms;\">\n                    <div class=\"et-pb-icon  et_pb_inline_icon dipi-mansonry-gallery-icon dipi-mansonry-gallery-icon-circle animated zoomIn\" data-icon=\"&#x4c;\"><\/div>\n                    \n                    \n                <\/span>\n                        <\/div>\n                    \n                <\/div><div class=\"grid-item et_pb_gallery_image \">\n                       \n                        <div class=\"img-container dipi-mg-animation dipi-mg-none\" href=\"https:\/\/www.verstraetegraphics.be\/wp-content\/uploads\/Verstraete-graphics-productie-36.jpg\">\n                            <img decoding=\"async\" src=\"https:\/\/www.verstraetegraphics.be\/wp-content\/uploads\/Verstraete-graphics-productie-36.jpg\"\n                                alt=\"\"\n                                loading=\"lazy\"\n                            \/>\n                            <span class=\"dipi_masonry_gallery_overlay background\"><\/span>\n                <span class=\"dipi_masonry_gallery_overlay background-hover\"><\/span>\n                <span class=\"dipi_masonry_gallery_overlay content\" style=\"transition-duration: 0ms;\">\n                    <div class=\"et-pb-icon  et_pb_inline_icon dipi-mansonry-gallery-icon dipi-mansonry-gallery-icon-circle animated zoomIn\" data-icon=\"&#x4c;\"><\/div>\n                    \n                    \n                <\/span>\n                        <\/div>\n                    \n                <\/div><div class=\"grid-item et_pb_gallery_image \">\n                       \n                        <div class=\"img-container dipi-mg-animation dipi-mg-none\" href=\"https:\/\/www.verstraetegraphics.be\/wp-content\/uploads\/Verstraete-graphics-productie-33.jpg\">\n                            <img decoding=\"async\" src=\"https:\/\/www.verstraetegraphics.be\/wp-content\/uploads\/Verstraete-graphics-productie-33.jpg\"\n                                alt=\"\"\n                                loading=\"lazy\"\n                            \/>\n                            <span class=\"dipi_masonry_gallery_overlay background\"><\/span>\n                <span class=\"dipi_masonry_gallery_overlay background-hover\"><\/span>\n                <span class=\"dipi_masonry_gallery_overlay content\" style=\"transition-duration: 0ms;\">\n                    <div class=\"et-pb-icon  et_pb_inline_icon dipi-mansonry-gallery-icon dipi-mansonry-gallery-icon-circle animated zoomIn\" data-icon=\"&#x4c;\"><\/div>\n                    \n                    \n                <\/span>\n                        <\/div>\n                    \n                <\/div>\n                <\/div>\n                \n            <\/div>\n            \n            <\/div>\n             \n\t\t\t\t<\/div>\n\t\t\t<\/div>\n\n<\/div>\n<\/div>\n<\/div>\n\n<div class=\"et_pb_section_3 et_pb_section et_section_regular et_block_section\">\n<div class=\"et_pb_row_3 et_pb_row et_pb_equal_columns et_pb_gutters1 et_block_row\">\n<div class=\"et_pb_column_4 et_pb_column et_pb_column_1_3 et_block_column et_pb_css_mix_blend_mode_passthrough\">\n<div class=\"et_pb_blurb_0 et_pb_blurb et_pb_bg_layout_light et_pb_text_align_center et_pb_blurb_position_top et_animated et_clickable et_pb_module et_block_module ontdek\"><div class=\"et_pb_blurb_content\"><div class=\"et_pb_blurb_container\"><div class=\"et_pb_blurb_description\"><p>couvercles<br \/>de glace<\/p>\n<\/div><\/div><\/div><\/div>\n<\/div>\n\n<div class=\"et_pb_column_5 et_pb_column et_pb_column_1_3 et_block_column et_pb_css_mix_blend_mode_passthrough\">\n<div class=\"et_pb_blurb_1 et_pb_blurb et_pb_bg_layout_light et_pb_text_align_center et_pb_blurb_position_top et_animated et_clickable et_pb_module et_block_module ontdek\"><div class=\"et_pb_blurb_content\"><div class=\"et_pb_blurb_container\"><div class=\"et_pb_blurb_description\"><p>couvercles<br \/>de glace<br \/>avec l\u00e8vres<\/p>\n<\/div><\/div><\/div><\/div>\n<\/div>\n\n<div class=\"et_pb_column_6 et_pb_column et_pb_column_1_3 et-last-child et_block_column et_pb_css_mix_blend_mode_passthrough\">\n<div class=\"et_pb_blurb_2 et_pb_blurb et_pb_bg_layout_light et_pb_text_align_center et_pb_blurb_position_top et_animated et_clickable et_pb_module et_block_module ontdek\"><div class=\"et_pb_blurb_content\"><div class=\"et_pb_blurb_container\"><div class=\"et_pb_blurb_description\"><p>couvercles<br \/>de glace sans<br \/>couche PE<\/p>\n<\/div><\/div><\/div><\/div>\n<\/div>\n<\/div>\n\n<div class=\"et_pb_row_4 et_pb_row et_pb_equal_columns et_pb_gutters1 et_block_row\">\n<div class=\"et_pb_column_7 et_pb_column et_pb_column_1_3 et_block_column et_pb_css_mix_blend_mode_passthrough\">\n<div class=\"et_pb_blurb_3 et_pb_blurb et_pb_bg_layout_light et_pb_text_align_center et_pb_blurb_position_top et_animated et_clickable et_pb_module et_block_module ontdek\"><div class=\"et_pb_blurb_content\"><div class=\"et_pb_blurb_container\"><div class=\"et_pb_blurb_description\"><p>bo\u00eetes banquets<\/p>\n<\/div><\/div><\/div><\/div>\n<\/div>\n\n<div class=\"et_pb_column_8 et_pb_column et_pb_column_1_3 et_block_column et_pb_css_mix_blend_mode_passthrough\">\n<div class=\"et_pb_blurb_4 et_pb_blurb et_pb_bg_layout_light et_pb_text_align_center et_pb_blurb_position_top et_animated et_clickable et_pb_module et_block_module ontdek\"><div class=\"et_pb_blurb_content\"><div class=\"et_pb_blurb_container\"><div class=\"et_pb_blurb_description\"><p>emballage pour<br \/>l'industrie<br \/>alimentaire<\/p>\n<\/div><\/div><\/div><\/div>\n<\/div>\n\n<div class=\"et_pb_column_9 et_pb_column et_pb_column_1_3 et-last-child et_block_column et_pb_css_mix_blend_mode_passthrough\">\n<div class=\"et_pb_blurb_5 et_pb_blurb et_pb_bg_layout_light et_pb_text_align_center et_pb_blurb_position_top et_animated et_clickable et_pb_module et_block_module ontdek\"><div class=\"et_pb_blurb_content\"><div class=\"et_pb_blurb_container\"><div class=\"et_pb_blurb_description\"><p>imprim\u00e9s<br \/>commerciaux<\/p>\n<\/div><\/div><\/div><\/div>\n<\/div>\n<\/div>\n<\/div>","protected":false},"excerpt":{"rendered":"","protected":false},"author":1,"featured_media":0,"parent":0,"menu_order":0,"comment_status":"closed","ping_status":"closed","template":"","meta":{"_et_pb_use_builder":"on","_et_pb_old_content":"","_et_gb_content_width":"","footnotes":""},"dipi_cpt_category":[],"class_list":["post-2712","page","type-page","status-publish","hentry"],"_links":{"self":[{"href":"https:\/\/www.verstraetegraphics.be\/fr\/wp-json\/wp\/v2\/pages\/2712","targetHints":{"allow":["GET"]}}],"collection":[{"href":"https:\/\/www.verstraetegraphics.be\/fr\/wp-json\/wp\/v2\/pages"}],"about":[{"href":"https:\/\/www.verstraetegraphics.be\/fr\/wp-json\/wp\/v2\/types\/page"}],"author":[{"embeddable":true,"href":"https:\/\/www.verstraetegraphics.be\/fr\/wp-json\/wp\/v2\/users\/1"}],"replies":[{"embeddable":true,"href":"https:\/\/www.verstraetegraphics.be\/fr\/wp-json\/wp\/v2\/comments?post=2712"}],"version-history":[{"count":15,"href":"https:\/\/www.verstraetegraphics.be\/fr\/wp-json\/wp\/v2\/pages\/2712\/revisions"}],"predecessor-version":[{"id":4735,"href":"https:\/\/www.verstraetegraphics.be\/fr\/wp-json\/wp\/v2\/pages\/2712\/revisions\/4735"}],"wp:attachment":[{"href":"https:\/\/www.verstraetegraphics.be\/fr\/wp-json\/wp\/v2\/media?parent=2712"}],"wp:term":[{"taxonomy":"dipi_cpt_category","embeddable":true,"href":"https:\/\/www.verstraetegraphics.be\/fr\/wp-json\/wp\/v2\/dipi_cpt_category?post=2712"}],"curies":[{"name":"wp","href":"https:\/\/api.w.org\/{rel}","templated":true}]}}